{"id":36874,"date":"2026-03-26T00:47:39","date_gmt":"2026-03-25T22:47:39","guid":{"rendered":"https:\/\/rezekne.citro.psdev.lv\/veikals\/import-placeholder-for-4624\/"},"modified":"2026-04-05T06:25:56","modified_gmt":"2026-04-05T03:25:56","slug":"parslas-auzu-atri-varamas-dobele-500g-kastite","status":"publish","type":"product","link":"https:\/\/rezekne.citro.lv\/ru\/product\/parslas-auzu-atri-varamas-dobele-500g-kastite\/","title":{"rendered":"P\u0100RSLAS AUZU \u0100TRI V\u0100R\u0100M\u0100S DOBELE 500G KAST\u012aTE"},"content":{"rendered":"<p>Izcelsmes valsts: Latvija<\/p>\n","protected":false},"excerpt":{"rendered":"<p>1.78 \u20ac\/KG<\/p>\n","protected":false},"featured_media":36948,"template":"","meta":{"_acf_changed":false,"inline_featured_image":false},"product_cat":[118,123],"product_tag":[],"acf":[],"aioseo_notices":[],"_links":{"self":[{"href":"https:\/\/rezekne.citro.lv\/ru\/wp-json\/wp\/v2\/product\/36874"}],"collection":[{"href":"https:\/\/rezekne.citro.lv\/ru\/wp-json\/wp\/v2\/product"}],"about":[{"href":"https:\/\/rezekne.citro.lv\/ru\/wp-json\/wp\/v2\/types\/product"}],"wp:featuredmedia":[{"embeddable":true,"href":"https:\/\/rezekne.citro.lv\/ru\/wp-json\/wp\/v2\/media\/36948"}],"wp:attachment":[{"href":"https:\/\/rezekne.citro.lv\/ru\/wp-json\/wp\/v2\/media?parent=36874"}],"wp:term":[{"taxonomy":"product_cat","embeddable":true,"href":"https:\/\/rezekne.citro.lv\/ru\/wp-json\/wp\/v2\/product_cat?post=36874"},{"taxonomy":"product_tag","embeddable":true,"href":"https:\/\/rezekne.citro.lv\/ru\/wp-json\/wp\/v2\/product_tag?post=36874"}],"curies":[{"name":"wp","href":"https:\/\/api.w.org\/{rel}","templated":true}]}}