{"id":36976,"date":"2026-04-23T00:47:49","date_gmt":"2026-04-22T21:47:49","guid":{"rendered":"https:\/\/rezekne.citro.psdev.lv\/veikals\/import-placeholder-for-4636\/"},"modified":"2026-04-30T06:10:26","modified_gmt":"2026-04-30T03:10:26","slug":"jogurts-muller-mix-ar-sokolades-bumbinam-4-9-130g","status":"publish","type":"product","link":"https:\/\/rezekne.citro.lv\/ru\/product\/jogurts-muller-mix-ar-sokolades-bumbinam-4-9-130g\/","title":{"rendered":"JOGURTS M\u00dcLLER MIX AR \u0160OKOL\u0100DES BUMBI\u0145\u0100M 4.9% 130G"},"content":{"rendered":"<p>Izcelsmes valsts: V\u0101cija<\/p>\n","protected":false},"excerpt":{"rendered":"<p>7.62 \u20ac\/KG<\/p>\n","protected":false},"featured_media":63236,"template":"","meta":{"_acf_changed":false,"inline_featured_image":false},"product_cat":[95,100],"product_tag":[],"acf":[],"aioseo_notices":[],"_links":{"self":[{"href":"https:\/\/rezekne.citro.lv\/ru\/wp-json\/wp\/v2\/product\/36976"}],"collection":[{"href":"https:\/\/rezekne.citro.lv\/ru\/wp-json\/wp\/v2\/product"}],"about":[{"href":"https:\/\/rezekne.citro.lv\/ru\/wp-json\/wp\/v2\/types\/product"}],"wp:featuredmedia":[{"embeddable":true,"href":"https:\/\/rezekne.citro.lv\/ru\/wp-json\/wp\/v2\/media\/63236"}],"wp:attachment":[{"href":"https:\/\/rezekne.citro.lv\/ru\/wp-json\/wp\/v2\/media?parent=36976"}],"wp:term":[{"taxonomy":"product_cat","embeddable":true,"href":"https:\/\/rezekne.citro.lv\/ru\/wp-json\/wp\/v2\/product_cat?post=36976"},{"taxonomy":"product_tag","embeddable":true,"href":"https:\/\/rezekne.citro.lv\/ru\/wp-json\/wp\/v2\/product_tag?post=36976"}],"curies":[{"name":"wp","href":"https:\/\/api.w.org\/{rel}","templated":true}]}}