{"id":36989,"date":"2026-04-28T00:02:30","date_gmt":"2026-04-27T21:02:30","guid":{"rendered":"https:\/\/rezekne.citro.psdev.lv\/veikals\/import-placeholder-for-4909\/"},"modified":"2026-05-11T06:10:44","modified_gmt":"2026-05-11T03:10:44","slug":"musli-grauzdets-ar-zemenem-herkuless-350g","status":"publish","type":"product","link":"https:\/\/rezekne.citro.lv\/ru\/product\/musli-grauzdets-ar-zemenem-herkuless-350g\/","title":{"rendered":"MUSLI GRAUZD\u0112TS AR ZEMEN\u0112M HERKULESS 350G"},"content":{"rendered":"<p>Izcelsmes valsts: \u010cehija<\/p>\n","protected":false},"excerpt":{"rendered":"<p>5.11 \u20ac\/KG<\/p>\n","protected":false},"featured_media":37053,"template":"","meta":{"_acf_changed":false,"inline_featured_image":false},"product_cat":[125,126],"product_tag":[],"acf":[],"aioseo_notices":[],"_links":{"self":[{"href":"https:\/\/rezekne.citro.lv\/ru\/wp-json\/wp\/v2\/product\/36989"}],"collection":[{"href":"https:\/\/rezekne.citro.lv\/ru\/wp-json\/wp\/v2\/product"}],"about":[{"href":"https:\/\/rezekne.citro.lv\/ru\/wp-json\/wp\/v2\/types\/product"}],"wp:featuredmedia":[{"embeddable":true,"href":"https:\/\/rezekne.citro.lv\/ru\/wp-json\/wp\/v2\/media\/37053"}],"wp:attachment":[{"href":"https:\/\/rezekne.citro.lv\/ru\/wp-json\/wp\/v2\/media?parent=36989"}],"wp:term":[{"taxonomy":"product_cat","embeddable":true,"href":"https:\/\/rezekne.citro.lv\/ru\/wp-json\/wp\/v2\/product_cat?post=36989"},{"taxonomy":"product_tag","embeddable":true,"href":"https:\/\/rezekne.citro.lv\/ru\/wp-json\/wp\/v2\/product_tag?post=36989"}],"curies":[{"name":"wp","href":"https:\/\/api.w.org\/{rel}","templated":true}]}}