{"id":36993,"date":"2026-01-02T01:01:33","date_gmt":"2026-01-01T23:01:33","guid":{"rendered":"https:\/\/rezekne.citro.psdev.lv\/veikals\/import-placeholder-for-4913\/"},"modified":"2026-05-10T06:28:53","modified_gmt":"2026-05-10T03:28:53","slug":"kapucino-la-festa-krejuma-125g","status":"publish","type":"product","link":"https:\/\/rezekne.citro.lv\/ru\/product\/kapucino-la-festa-krejuma-125g\/","title":{"rendered":"KAPU\u010c\u012aNO LA FESTA KR\u0112JUMA 125G"},"content":{"rendered":"<p>Izcelsmes valsts: Polija<\/p>\n","protected":false},"excerpt":{"rendered":"<p>20.72 \u20ac\/KG<\/p>\n","protected":false},"featured_media":37062,"template":"","meta":{"_acf_changed":false,"inline_featured_image":false},"product_cat":[142,161],"product_tag":[],"acf":[],"aioseo_notices":[],"_links":{"self":[{"href":"https:\/\/rezekne.citro.lv\/ru\/wp-json\/wp\/v2\/product\/36993"}],"collection":[{"href":"https:\/\/rezekne.citro.lv\/ru\/wp-json\/wp\/v2\/product"}],"about":[{"href":"https:\/\/rezekne.citro.lv\/ru\/wp-json\/wp\/v2\/types\/product"}],"wp:featuredmedia":[{"embeddable":true,"href":"https:\/\/rezekne.citro.lv\/ru\/wp-json\/wp\/v2\/media\/37062"}],"wp:attachment":[{"href":"https:\/\/rezekne.citro.lv\/ru\/wp-json\/wp\/v2\/media?parent=36993"}],"wp:term":[{"taxonomy":"product_cat","embeddable":true,"href":"https:\/\/rezekne.citro.lv\/ru\/wp-json\/wp\/v2\/product_cat?post=36993"},{"taxonomy":"product_tag","embeddable":true,"href":"https:\/\/rezekne.citro.lv\/ru\/wp-json\/wp\/v2\/product_tag?post=36993"}],"curies":[{"name":"wp","href":"https:\/\/api.w.org\/{rel}","templated":true}]}}