{"id":36994,"date":"2026-01-02T01:01:33","date_gmt":"2026-01-01T23:01:33","guid":{"rendered":"https:\/\/rezekne.citro.psdev.lv\/veikals\/import-placeholder-for-4914\/"},"modified":"2026-05-13T06:27:50","modified_gmt":"2026-05-13T03:27:50","slug":"kapucino-la-festa-sokolades-125g","status":"publish","type":"product","link":"https:\/\/rezekne.citro.lv\/ru\/product\/kapucino-la-festa-sokolades-125g\/","title":{"rendered":"KAPU\u010c\u012aNO LA FESTA \u0160OKOL\u0100DES 125G"},"content":{"rendered":"<p>Izcelsmes valsts: Polija<\/p>\n","protected":false},"excerpt":{"rendered":"<p>20.72 \u20ac\/KG<\/p>\n","protected":false},"featured_media":37065,"template":"","meta":{"_acf_changed":false,"inline_featured_image":false},"product_cat":[142,161],"product_tag":[],"acf":[],"aioseo_notices":[],"_links":{"self":[{"href":"https:\/\/rezekne.citro.lv\/ru\/wp-json\/wp\/v2\/product\/36994"}],"collection":[{"href":"https:\/\/rezekne.citro.lv\/ru\/wp-json\/wp\/v2\/product"}],"about":[{"href":"https:\/\/rezekne.citro.lv\/ru\/wp-json\/wp\/v2\/types\/product"}],"wp:featuredmedia":[{"embeddable":true,"href":"https:\/\/rezekne.citro.lv\/ru\/wp-json\/wp\/v2\/media\/37065"}],"wp:attachment":[{"href":"https:\/\/rezekne.citro.lv\/ru\/wp-json\/wp\/v2\/media?parent=36994"}],"wp:term":[{"taxonomy":"product_cat","embeddable":true,"href":"https:\/\/rezekne.citro.lv\/ru\/wp-json\/wp\/v2\/product_cat?post=36994"},{"taxonomy":"product_tag","embeddable":true,"href":"https:\/\/rezekne.citro.lv\/ru\/wp-json\/wp\/v2\/product_tag?post=36994"}],"curies":[{"name":"wp","href":"https:\/\/api.w.org\/{rel}","templated":true}]}}