{"id":37000,"date":"2026-03-18T00:04:06","date_gmt":"2026-03-17T22:04:06","guid":{"rendered":"https:\/\/rezekne.citro.psdev.lv\/veikals\/import-placeholder-for-4922\/"},"modified":"2026-03-18T12:00:43","modified_gmt":"2026-03-18T10:00:43","slug":"ananasu-gabalini-sirupa-565g-340g","status":"publish","type":"product","link":"https:\/\/rezekne.citro.lv\/ru\/product\/ananasu-gabalini-sirupa-565g-340g\/","title":{"rendered":"ANAN\u0100SU GABALI\u0145I S\u012aRUP\u0100 565G\/340G"},"content":{"rendered":"<p>Izcelsmes valsts: Taizeme<\/p>\n","protected":false},"excerpt":{"rendered":"<p>7.03 \u20ac\/KG<\/p>\n","protected":false},"featured_media":37083,"template":"","meta":{"_acf_changed":false,"inline_featured_image":false},"product_cat":[103,193],"product_tag":[],"acf":[],"aioseo_notices":[],"_links":{"self":[{"href":"https:\/\/rezekne.citro.lv\/ru\/wp-json\/wp\/v2\/product\/37000"}],"collection":[{"href":"https:\/\/rezekne.citro.lv\/ru\/wp-json\/wp\/v2\/product"}],"about":[{"href":"https:\/\/rezekne.citro.lv\/ru\/wp-json\/wp\/v2\/types\/product"}],"wp:featuredmedia":[{"embeddable":true,"href":"https:\/\/rezekne.citro.lv\/ru\/wp-json\/wp\/v2\/media\/37083"}],"wp:attachment":[{"href":"https:\/\/rezekne.citro.lv\/ru\/wp-json\/wp\/v2\/media?parent=37000"}],"wp:term":[{"taxonomy":"product_cat","embeddable":true,"href":"https:\/\/rezekne.citro.lv\/ru\/wp-json\/wp\/v2\/product_cat?post=37000"},{"taxonomy":"product_tag","embeddable":true,"href":"https:\/\/rezekne.citro.lv\/ru\/wp-json\/wp\/v2\/product_tag?post=37000"}],"curies":[{"name":"wp","href":"https:\/\/api.w.org\/{rel}","templated":true}]}}