{"id":37091,"date":"2026-04-23T00:05:24","date_gmt":"2026-04-22T21:05:24","guid":{"rendered":"https:\/\/rezekne.citro.psdev.lv\/veikals\/import-placeholder-for-4926\/"},"modified":"2026-05-01T06:01:16","modified_gmt":"2026-05-01T03:01:16","slug":"ievarijums-zemenu-362g","status":"publish","type":"product","link":"https:\/\/rezekne.citro.lv\/ru\/product\/ievarijums-zemenu-362g\/","title":{"rendered":"IEV\u0100R\u012aJUMS ZEME\u0145U 362G"},"content":{"rendered":"","protected":false},"excerpt":{"rendered":"<p>7.15 \u20ac\/KG<\/p>\n","protected":false},"featured_media":37125,"template":"","meta":{"_acf_changed":false,"inline_featured_image":false},"product_cat":[103,193],"product_tag":[],"acf":[],"aioseo_notices":[],"_links":{"self":[{"href":"https:\/\/rezekne.citro.lv\/ru\/wp-json\/wp\/v2\/product\/37091"}],"collection":[{"href":"https:\/\/rezekne.citro.lv\/ru\/wp-json\/wp\/v2\/product"}],"about":[{"href":"https:\/\/rezekne.citro.lv\/ru\/wp-json\/wp\/v2\/types\/product"}],"wp:featuredmedia":[{"embeddable":true,"href":"https:\/\/rezekne.citro.lv\/ru\/wp-json\/wp\/v2\/media\/37125"}],"wp:attachment":[{"href":"https:\/\/rezekne.citro.lv\/ru\/wp-json\/wp\/v2\/media?parent=37091"}],"wp:term":[{"taxonomy":"product_cat","embeddable":true,"href":"https:\/\/rezekne.citro.lv\/ru\/wp-json\/wp\/v2\/product_cat?post=37091"},{"taxonomy":"product_tag","embeddable":true,"href":"https:\/\/rezekne.citro.lv\/ru\/wp-json\/wp\/v2\/product_tag?post=37091"}],"curies":[{"name":"wp","href":"https:\/\/api.w.org\/{rel}","templated":true}]}}