{"id":37211,"date":"2026-04-09T00:04:41","date_gmt":"2026-04-08T21:04:41","guid":{"rendered":"https:\/\/rezekne.citro.psdev.lv\/veikals\/import-placeholder-for-4960\/"},"modified":"2026-04-18T06:03:02","modified_gmt":"2026-04-18T03:03:02","slug":"margarins-evesol-cepsanai-ar-sviesta-garsu-500g","status":"publish","type":"product","link":"https:\/\/rezekne.citro.lv\/ru\/product\/margarins-evesol-cepsanai-ar-sviesta-garsu-500g\/","title":{"rendered":"MARGAR\u012aNS EVESOL CEP\u0160ANAI AR SVIESTA GAR\u0160U 500G"},"content":{"rendered":"<p>Izcelsmes valsts: Polija<\/p>\n","protected":false},"excerpt":{"rendered":"<p>3.58 \u20ac\/KG<\/p>\n","protected":false},"featured_media":37245,"template":"","meta":{"_acf_changed":false,"inline_featured_image":false},"product_cat":[95,176],"product_tag":[],"acf":[],"aioseo_notices":[],"_links":{"self":[{"href":"https:\/\/rezekne.citro.lv\/ru\/wp-json\/wp\/v2\/product\/37211"}],"collection":[{"href":"https:\/\/rezekne.citro.lv\/ru\/wp-json\/wp\/v2\/product"}],"about":[{"href":"https:\/\/rezekne.citro.lv\/ru\/wp-json\/wp\/v2\/types\/product"}],"wp:featuredmedia":[{"embeddable":true,"href":"https:\/\/rezekne.citro.lv\/ru\/wp-json\/wp\/v2\/media\/37245"}],"wp:attachment":[{"href":"https:\/\/rezekne.citro.lv\/ru\/wp-json\/wp\/v2\/media?parent=37211"}],"wp:term":[{"taxonomy":"product_cat","embeddable":true,"href":"https:\/\/rezekne.citro.lv\/ru\/wp-json\/wp\/v2\/product_cat?post=37211"},{"taxonomy":"product_tag","embeddable":true,"href":"https:\/\/rezekne.citro.lv\/ru\/wp-json\/wp\/v2\/product_tag?post=37211"}],"curies":[{"name":"wp","href":"https:\/\/api.w.org\/{rel}","templated":true}]}}