{"id":37357,"date":"2026-02-26T00:33:42","date_gmt":"2026-02-25T22:33:42","guid":{"rendered":"https:\/\/rezekne.citro.psdev.lv\/veikals\/import-placeholder-for-5350\/"},"modified":"2026-05-08T09:00:20","modified_gmt":"2026-05-08T06:00:20","slug":"smalkmaizite-tejas-70g","status":"publish","type":"product","link":"https:\/\/rezekne.citro.lv\/ru\/product\/smalkmaizite-tejas-70g\/","title":{"rendered":"SMALKMAIZ\u012aTE T\u0112JAS 70G"},"content":{"rendered":"<p>Izcelsmes valsts: Latvija<br \/> Sast\u0101vda\u013cas:m\u012bkla{KVIE\u0160U MILTI: \u016bdens: margar\u012bns ((augu e\u013c\u013cas(palmu,rap\u0161u),\u016bdens,emulgatori(tauksk\u0101bju mono un diglicer\u012bdi,  tauksk\u0101bju un poliglicerina esteri, lecit\u012bns), s\u0101ls,sk\u0101buma regul\u0113t\u0101js E 330, konserv\u0101nts k\u0101lija sorb\u0101ts, arom\u0101ts, kr\u0101sviela 160b(i))): cukurs; saulespu\u0137u e\u013c\u013ca rafin\u0113ta;s\u0101ls: raugs sausais((raugs Saccharomyces cerevisiae ), emulgators: E491 )):  uzlabot\u0101js(KVIE\u0160U milti, fermenti, miltu apstr\u0101des l\u012bdzeklis:E300.Var satur\u0113t LIPEKLI saturo\u0161o, OLU, SOJASpupu, SEZAMA s\u0113klu produktu da\u013ci\u0146as)}:  MILTI KVIE\u0160U, OLAS, cukurs, margar\u012bns bez hidrogen\u0113tiem taukiem {augu e\u013c\u013cas (palmu, rap\u0161u), \u016bdens, emulgatori (E471-mono un glicer\u012bdi tauksk\u0101bju),s\u0101ls, sk\u0101buma regul\u0113t\u0101js -citronsk\u0101be, konservants- sorb\u0101ts k\u0101lija,aromatiz\u0113t\u0101js,p\u0101rtikas kr\u0101sviela E160a)}: termostab\u012bls p\u016bdercukurs((dekstroze, KVIE\u0160U ciete, stabilizators E470a, augu tauki(palmu), aromatiz\u0113t\u0101js-vanil\u012bns):  \u017eeleja ((\u016bdens, cukurs, \u017eelejas pulveris ((cukurs, sk\u0101buma regul\u0113t\u0101ji (17%): E331, E330, E340 (< 2%): recin\u0101t\u0101ji: E407, E440: biezin\u0101t\u0101ji: E410, E414: dekstroze, karamele, aromatiz\u0113t\u0101js)) Uzglab\u0101\u0161anas temperat\u016bra+20-+25C  Inform\u0101cija par uzturv\u0113rt\u012bbu: 100 g produkta satur: ener\u0123\u0113tisk\u0101 v\u0113rt\u012bba 1405 kJ \/ 335kcal: tauki 15.4g, tostarp pies\u0101tin\u0101t\u0101s tauksk\u0101bes 4.8g: og\u013chidr\u0101ti 42.4g, tostarp cukuri 8.6g: \u0161\u0137iedrvielas 2.2g: olbaltumvielas 5.7g: s\u0101ls 0.6g.\n<\/p>\n","protected":false},"excerpt":{"rendered":"<p>7.00 \u20ac\/KG<\/p>\n","protected":false},"featured_media":46101,"template":"","meta":{"_acf_changed":false,"inline_featured_image":false},"product_cat":[109,110],"product_tag":[],"acf":[],"aioseo_notices":[],"_links":{"self":[{"href":"https:\/\/rezekne.citro.lv\/ru\/wp-json\/wp\/v2\/product\/37357"}],"collection":[{"href":"https:\/\/rezekne.citro.lv\/ru\/wp-json\/wp\/v2\/product"}],"about":[{"href":"https:\/\/rezekne.citro.lv\/ru\/wp-json\/wp\/v2\/types\/product"}],"wp:featuredmedia":[{"embeddable":true,"href":"https:\/\/rezekne.citro.lv\/ru\/wp-json\/wp\/v2\/media\/46101"}],"wp:attachment":[{"href":"https:\/\/rezekne.citro.lv\/ru\/wp-json\/wp\/v2\/media?parent=37357"}],"wp:term":[{"taxonomy":"product_cat","embeddable":true,"href":"https:\/\/rezekne.citro.lv\/ru\/wp-json\/wp\/v2\/product_cat?post=37357"},{"taxonomy":"product_tag","embeddable":true,"href":"https:\/\/rezekne.citro.lv\/ru\/wp-json\/wp\/v2\/product_tag?post=37357"}],"curies":[{"name":"wp","href":"https:\/\/api.w.org\/{rel}","templated":true}]}}