{"id":37452,"date":"2026-04-09T00:16:46","date_gmt":"2026-04-08T21:16:46","guid":{"rendered":"https:\/\/rezekne.citro.psdev.lv\/veikals\/import-placeholder-for-5362\/"},"modified":"2026-05-17T06:26:57","modified_gmt":"2026-05-17T03:26:57","slug":"pastete-aknu-citro-200g","status":"publish","type":"product","link":"https:\/\/rezekne.citro.lv\/ru\/product\/pastete-aknu-citro-200g\/","title":{"rendered":"PAST\u0112TE AKNU CITRO 200G"},"content":{"rendered":"<p>Izcelsmes valsts: Latvija<br \/>Sast\u0101vda\u013cas: c\u016bku aknas 50%:\u016bdens: spe\u0137is:s\u012bpoli;saulespu\u0137u  e\u013c\u013ca rafin\u0113ta:s\u0101ls: liellopu buljona sausais mais\u012bjums((s\u0101ls, kukur\u016bzas maltodekstr\u012bns, aromatiz\u0115t\u0101js, rauga ekstrakts, cukurs, liellopu galas ekstrakts 2,%(s\u0101ls, \u017e\u0101v\u0113ta liellopu gala 0.94%, rap\u0161u e\u013c\u013ca), palmu e\u013c\u013ca,  gar\u0161as pastiprin\u0101t\u0101ji (E631, E627),sk\u0101buma regul\u0113t\u0101js citronsk\u0101be, kr\u0101svielas(E150c, E160a), malti melnie pipari 0.15%, var satur\u0113t niec\u012bgas GLUT\u0112NA, OLU, PIENA, SEL\u0112RIJU, SOJAS, SINEPES dali\u0146as)): gar\u0161vielas(melno piparu ekstrakts 5%, nesejviela dekstroze ): Uzglab\u0101\u0161anas temperat\u016bra+2-+6C Inform\u0101cija par uzturv\u0113rt\u012bbu. 100 g produkta satur: ener\u0123\u0113tisk\u0101 v\u0113rt\u012bba 986 kJ \/ 238kcal; tauki 21.2g, tostarp pies\u0101tin\u0101t\u0101s tauksk\u0101bes 7.1g; og\u013chidr\u0101ti 1g, tostarp cukuri 0.4g; \u0161\u0137iedrvielas 0.1g; olbaltumvielas 10.8g; s\u0101ls 1g.<\/p>\n","protected":false},"excerpt":{"rendered":"<p>8.45 \u20ac\/KG<\/p>\n","protected":false},"featured_media":55483,"template":"","meta":{"_acf_changed":false,"inline_featured_image":false},"product_cat":[113,566,114],"product_tag":[],"acf":[],"aioseo_notices":[],"_links":{"self":[{"href":"https:\/\/rezekne.citro.lv\/ru\/wp-json\/wp\/v2\/product\/37452"}],"collection":[{"href":"https:\/\/rezekne.citro.lv\/ru\/wp-json\/wp\/v2\/product"}],"about":[{"href":"https:\/\/rezekne.citro.lv\/ru\/wp-json\/wp\/v2\/types\/product"}],"wp:featuredmedia":[{"embeddable":true,"href":"https:\/\/rezekne.citro.lv\/ru\/wp-json\/wp\/v2\/media\/55483"}],"wp:attachment":[{"href":"https:\/\/rezekne.citro.lv\/ru\/wp-json\/wp\/v2\/media?parent=37452"}],"wp:term":[{"taxonomy":"product_cat","embeddable":true,"href":"https:\/\/rezekne.citro.lv\/ru\/wp-json\/wp\/v2\/product_cat?post=37452"},{"taxonomy":"product_tag","embeddable":true,"href":"https:\/\/rezekne.citro.lv\/ru\/wp-json\/wp\/v2\/product_tag?post=37452"}],"curies":[{"name":"wp","href":"https:\/\/api.w.org\/{rel}","templated":true}]}}