{"id":37591,"date":"2026-03-26T01:18:53","date_gmt":"2026-03-25T23:18:53","guid":{"rendered":"https:\/\/rezekne.citro.psdev.lv\/veikals\/import-placeholder-for-5444\/"},"modified":"2026-04-06T06:26:46","modified_gmt":"2026-04-06T03:26:46","slug":"olivella-santolino-pomace-1l-stikla","status":"publish","type":"product","link":"https:\/\/rezekne.citro.lv\/ru\/product\/olivella-santolino-pomace-1l-stikla\/","title":{"rendered":"OL\u012aVE\u013b\u013bA SANTOLINO POMACE 1L STIKL\u0100"},"content":{"rendered":"<p>Izcelsmes valsts: It\u0101lija<\/p>\n","protected":false},"excerpt":{"rendered":"<p>4.99 \u20ac\/L<\/p>\n","protected":false},"featured_media":45548,"template":"","meta":{"_acf_changed":false,"inline_featured_image":false},"product_cat":[116,164],"product_tag":[],"acf":[],"aioseo_notices":[],"_links":{"self":[{"href":"https:\/\/rezekne.citro.lv\/ru\/wp-json\/wp\/v2\/product\/37591"}],"collection":[{"href":"https:\/\/rezekne.citro.lv\/ru\/wp-json\/wp\/v2\/product"}],"about":[{"href":"https:\/\/rezekne.citro.lv\/ru\/wp-json\/wp\/v2\/types\/product"}],"wp:featuredmedia":[{"embeddable":true,"href":"https:\/\/rezekne.citro.lv\/ru\/wp-json\/wp\/v2\/media\/45548"}],"wp:attachment":[{"href":"https:\/\/rezekne.citro.lv\/ru\/wp-json\/wp\/v2\/media?parent=37591"}],"wp:term":[{"taxonomy":"product_cat","embeddable":true,"href":"https:\/\/rezekne.citro.lv\/ru\/wp-json\/wp\/v2\/product_cat?post=37591"},{"taxonomy":"product_tag","embeddable":true,"href":"https:\/\/rezekne.citro.lv\/ru\/wp-json\/wp\/v2\/product_tag?post=37591"}],"curies":[{"name":"wp","href":"https:\/\/api.w.org\/{rel}","templated":true}]}}