{"id":37723,"date":"2022-08-17T00:10:42","date_gmt":"2022-08-16T21:10:42","guid":{"rendered":"https:\/\/rezekne.citro.psdev.lv\/veikals\/import-placeholder-for-5727\/"},"modified":"2023-02-21T13:11:02","modified_gmt":"2023-02-21T11:11:02","slug":"velas-mikst-lenor-summer-breeze-31-mazg-reizem-930ml","status":"publish","type":"product","link":"https:\/\/rezekne.citro.lv\/ru\/product\/velas-mikst-lenor-summer-breeze-31-mazg-reizem-930ml\/","title":{"rendered":"VE\u013bAS M\u012aKST. LENOR SUMMER BREEZE 31 MAZG.REIZ\u0112M 930ML"},"content":{"rendered":"","protected":false},"excerpt":{"rendered":"<p>3.22 \u20ac\/L<\/p>\n","protected":false},"featured_media":62520,"template":"","meta":{"_acf_changed":false,"inline_featured_image":false},"product_cat":[131,184],"product_tag":[],"acf":[],"aioseo_notices":[],"_links":{"self":[{"href":"https:\/\/rezekne.citro.lv\/ru\/wp-json\/wp\/v2\/product\/37723"}],"collection":[{"href":"https:\/\/rezekne.citro.lv\/ru\/wp-json\/wp\/v2\/product"}],"about":[{"href":"https:\/\/rezekne.citro.lv\/ru\/wp-json\/wp\/v2\/types\/product"}],"wp:featuredmedia":[{"embeddable":true,"href":"https:\/\/rezekne.citro.lv\/ru\/wp-json\/wp\/v2\/media\/62520"}],"wp:attachment":[{"href":"https:\/\/rezekne.citro.lv\/ru\/wp-json\/wp\/v2\/media?parent=37723"}],"wp:term":[{"taxonomy":"product_cat","embeddable":true,"href":"https:\/\/rezekne.citro.lv\/ru\/wp-json\/wp\/v2\/product_cat?post=37723"},{"taxonomy":"product_tag","embeddable":true,"href":"https:\/\/rezekne.citro.lv\/ru\/wp-json\/wp\/v2\/product_tag?post=37723"}],"curies":[{"name":"wp","href":"https:\/\/api.w.org\/{rel}","templated":true}]}}