{"id":38180,"date":"2026-05-07T00:17:14","date_gmt":"2026-05-06T21:17:14","guid":{"rendered":"https:\/\/rezekne.citro.psdev.lv\/veikals\/import-placeholder-for-6438\/"},"modified":"2026-05-14T06:29:05","modified_gmt":"2026-05-14T03:29:05","slug":"teja-auglu-loyd-pyramids-warming-ar-citrona-garsu-40g","status":"publish","type":"product","link":"https:\/\/rezekne.citro.lv\/ru\/product\/teja-auglu-loyd-pyramids-warming-ar-citrona-garsu-40g\/","title":{"rendered":"T\u0112JA AUG\u013bU LOYD PYRAMIDS WARMING AR CITRONA GAR\u0160U 40G"},"content":{"rendered":"<p>Izcelsmes valsts: Polija<\/p>\n","protected":false},"excerpt":{"rendered":"<p>44.75 \u20ac\/KG<\/p>\n","protected":false},"featured_media":55099,"template":"","meta":{"_acf_changed":false,"inline_featured_image":false},"product_cat":[142,143],"product_tag":[],"acf":[],"aioseo_notices":[],"_links":{"self":[{"href":"https:\/\/rezekne.citro.lv\/ru\/wp-json\/wp\/v2\/product\/38180"}],"collection":[{"href":"https:\/\/rezekne.citro.lv\/ru\/wp-json\/wp\/v2\/product"}],"about":[{"href":"https:\/\/rezekne.citro.lv\/ru\/wp-json\/wp\/v2\/types\/product"}],"wp:featuredmedia":[{"embeddable":true,"href":"https:\/\/rezekne.citro.lv\/ru\/wp-json\/wp\/v2\/media\/55099"}],"wp:attachment":[{"href":"https:\/\/rezekne.citro.lv\/ru\/wp-json\/wp\/v2\/media?parent=38180"}],"wp:term":[{"taxonomy":"product_cat","embeddable":true,"href":"https:\/\/rezekne.citro.lv\/ru\/wp-json\/wp\/v2\/product_cat?post=38180"},{"taxonomy":"product_tag","embeddable":true,"href":"https:\/\/rezekne.citro.lv\/ru\/wp-json\/wp\/v2\/product_tag?post=38180"}],"curies":[{"name":"wp","href":"https:\/\/api.w.org\/{rel}","templated":true}]}}