{"id":38201,"date":"2026-04-23T00:48:02","date_gmt":"2026-04-22T21:48:02","guid":{"rendered":"https:\/\/rezekne.citro.psdev.lv\/veikals\/import-placeholder-for-6529\/"},"modified":"2026-05-10T06:26:00","modified_gmt":"2026-05-10T03:26:00","slug":"krejums-skabais-valio-20-400g-pleve","status":"publish","type":"product","link":"https:\/\/rezekne.citro.lv\/ru\/product\/krejums-skabais-valio-20-400g-pleve\/","title":{"rendered":"KR\u0112JUMS SK\u0100BAIS VALIO 20% PL\u0112V\u0112 400G"},"content":{"rendered":"<p>Izcelsmes valsts: Igaunija<\/p>\n","protected":false},"excerpt":{"rendered":"<p>4.23 \u20ac\/KG<\/p>\n","protected":false},"featured_media":38279,"template":"","meta":{"_acf_changed":false,"inline_featured_image":false},"product_cat":[95,150],"product_tag":[],"acf":[],"aioseo_notices":[],"_links":{"self":[{"href":"https:\/\/rezekne.citro.lv\/ru\/wp-json\/wp\/v2\/product\/38201"}],"collection":[{"href":"https:\/\/rezekne.citro.lv\/ru\/wp-json\/wp\/v2\/product"}],"about":[{"href":"https:\/\/rezekne.citro.lv\/ru\/wp-json\/wp\/v2\/types\/product"}],"wp:featuredmedia":[{"embeddable":true,"href":"https:\/\/rezekne.citro.lv\/ru\/wp-json\/wp\/v2\/media\/38279"}],"wp:attachment":[{"href":"https:\/\/rezekne.citro.lv\/ru\/wp-json\/wp\/v2\/media?parent=38201"}],"wp:term":[{"taxonomy":"product_cat","embeddable":true,"href":"https:\/\/rezekne.citro.lv\/ru\/wp-json\/wp\/v2\/product_cat?post=38201"},{"taxonomy":"product_tag","embeddable":true,"href":"https:\/\/rezekne.citro.lv\/ru\/wp-json\/wp\/v2\/product_tag?post=38201"}],"curies":[{"name":"wp","href":"https:\/\/api.w.org\/{rel}","templated":true}]}}