{"id":38325,"date":"2026-01-29T00:45:42","date_gmt":"2026-01-28T22:45:42","guid":{"rendered":"https:\/\/rezekne.citro.psdev.lv\/veikals\/import-placeholder-for-6691\/"},"modified":"2026-05-02T06:26:45","modified_gmt":"2026-05-02T03:26:45","slug":"kukuruzas-nujinas-draugu-ar-iebiezinato-pienu-130g","status":"publish","type":"product","link":"https:\/\/rezekne.citro.lv\/ru\/product\/kukuruzas-nujinas-draugu-ar-iebiezinato-pienu-130g\/","title":{"rendered":"KUKUR\u016aZAS N\u016aJI\u0145AS DRAUGU AR IEBIEZIN\u0100TO PIENU 130G"},"content":{"rendered":"<p>Izcelsmes valsts: Lietuva<\/p>\n","protected":false},"excerpt":{"rendered":"<p>10.69 \u20ac\/KG<\/p>\n","protected":false},"featured_media":64912,"template":"","meta":{"_acf_changed":false,"inline_featured_image":false},"product_cat":[125,228],"product_tag":[],"acf":[],"aioseo_notices":[],"_links":{"self":[{"href":"https:\/\/rezekne.citro.lv\/ru\/wp-json\/wp\/v2\/product\/38325"}],"collection":[{"href":"https:\/\/rezekne.citro.lv\/ru\/wp-json\/wp\/v2\/product"}],"about":[{"href":"https:\/\/rezekne.citro.lv\/ru\/wp-json\/wp\/v2\/types\/product"}],"wp:featuredmedia":[{"embeddable":true,"href":"https:\/\/rezekne.citro.lv\/ru\/wp-json\/wp\/v2\/media\/64912"}],"wp:attachment":[{"href":"https:\/\/rezekne.citro.lv\/ru\/wp-json\/wp\/v2\/media?parent=38325"}],"wp:term":[{"taxonomy":"product_cat","embeddable":true,"href":"https:\/\/rezekne.citro.lv\/ru\/wp-json\/wp\/v2\/product_cat?post=38325"},{"taxonomy":"product_tag","embeddable":true,"href":"https:\/\/rezekne.citro.lv\/ru\/wp-json\/wp\/v2\/product_tag?post=38325"}],"curies":[{"name":"wp","href":"https:\/\/api.w.org\/{rel}","templated":true}]}}