{"id":38426,"date":"2026-04-02T00:02:48","date_gmt":"2026-04-01T21:02:48","guid":{"rendered":"https:\/\/rezekne.citro.psdev.lv\/veikals\/import-placeholder-for-6767\/"},"modified":"2026-04-07T15:00:21","modified_gmt":"2026-04-07T12:00:21","slug":"kartupeli-jaunie-kg","status":"publish","type":"product","link":"https:\/\/rezekne.citro.lv\/ru\/product\/kartupeli-jaunie-kg\/","title":{"rendered":"KARTUPE\u013bI JAUNIE KG"},"content":{"rendered":"<p>IT\u0100LIJA 2.\u0160\u0136<\/p>\n","protected":false},"excerpt":{"rendered":"<p>0.89 \u20ac\/KG<\/p>\n","protected":false},"featured_media":52224,"template":"","meta":{"_acf_changed":false,"inline_featured_image":false},"product_cat":[97,99],"product_tag":[],"acf":[],"aioseo_notices":[],"_links":{"self":[{"href":"https:\/\/rezekne.citro.lv\/ru\/wp-json\/wp\/v2\/product\/38426"}],"collection":[{"href":"https:\/\/rezekne.citro.lv\/ru\/wp-json\/wp\/v2\/product"}],"about":[{"href":"https:\/\/rezekne.citro.lv\/ru\/wp-json\/wp\/v2\/types\/product"}],"wp:featuredmedia":[{"embeddable":true,"href":"https:\/\/rezekne.citro.lv\/ru\/wp-json\/wp\/v2\/media\/52224"}],"wp:attachment":[{"href":"https:\/\/rezekne.citro.lv\/ru\/wp-json\/wp\/v2\/media?parent=38426"}],"wp:term":[{"taxonomy":"product_cat","embeddable":true,"href":"https:\/\/rezekne.citro.lv\/ru\/wp-json\/wp\/v2\/product_cat?post=38426"},{"taxonomy":"product_tag","embeddable":true,"href":"https:\/\/rezekne.citro.lv\/ru\/wp-json\/wp\/v2\/product_tag?post=38426"}],"curies":[{"name":"wp","href":"https:\/\/api.w.org\/{rel}","templated":true}]}}