{"id":38432,"date":"2025-11-07T00:27:09","date_gmt":"2025-11-06T22:27:09","guid":{"rendered":"https:\/\/rezekne.citro.psdev.lv\/veikals\/import-placeholder-for-6793\/"},"modified":"2026-01-12T10:24:23","modified_gmt":"2026-01-12T08:24:23","slug":"desa-varita-doktora-ekstra-dab-apv-1kg-hkscan","status":"publish","type":"product","link":"https:\/\/rezekne.citro.lv\/ru\/product\/desa-varita-doktora-ekstra-dab-apv-1kg-hkscan\/","title":{"rendered":"DESA V\u0100R\u012aTA DOKTORA EKSTRA DAB.APV. 1KG HKSCAN"},"content":{"rendered":"<p>Izcelsmes valsts: Latvija<br \/>\nRa\u017eot\u0101js: AS R\u012bgas Miesnieks uzglab\u0101\u0161anas temp.+2-+6C<\/p>\n","protected":false},"excerpt":{"rendered":"<p>6.75 \u20ac\/KG<\/p>\n","protected":false},"featured_media":91507,"template":"","meta":{"_acf_changed":false,"inline_featured_image":false},"product_cat":[135,144],"product_tag":[],"acf":[],"aioseo_notices":[],"_links":{"self":[{"href":"https:\/\/rezekne.citro.lv\/ru\/wp-json\/wp\/v2\/product\/38432"}],"collection":[{"href":"https:\/\/rezekne.citro.lv\/ru\/wp-json\/wp\/v2\/product"}],"about":[{"href":"https:\/\/rezekne.citro.lv\/ru\/wp-json\/wp\/v2\/types\/product"}],"wp:featuredmedia":[{"embeddable":true,"href":"https:\/\/rezekne.citro.lv\/ru\/wp-json\/wp\/v2\/media\/91507"}],"wp:attachment":[{"href":"https:\/\/rezekne.citro.lv\/ru\/wp-json\/wp\/v2\/media?parent=38432"}],"wp:term":[{"taxonomy":"product_cat","embeddable":true,"href":"https:\/\/rezekne.citro.lv\/ru\/wp-json\/wp\/v2\/product_cat?post=38432"},{"taxonomy":"product_tag","embeddable":true,"href":"https:\/\/rezekne.citro.lv\/ru\/wp-json\/wp\/v2\/product_tag?post=38432"}],"curies":[{"name":"wp","href":"https:\/\/api.w.org\/{rel}","templated":true}]}}