{"id":38433,"date":"2026-03-26T01:00:16","date_gmt":"2026-03-25T23:00:16","guid":{"rendered":"https:\/\/rezekne.citro.psdev.lv\/veikals\/import-placeholder-for-6794\/"},"modified":"2026-05-11T06:11:09","modified_gmt":"2026-05-11T03:11:09","slug":"calu-pussparni-lieliskie-fas-500g-kekava","status":"publish","type":"product","link":"https:\/\/rezekne.citro.lv\/ru\/product\/calu-pussparni-lieliskie-fas-500g-kekava\/","title":{"rendered":"C\u0100\u013bU PUSSP\u0100RNI LIELISKIE FAS. 500G \u0136EKAVA"},"content":{"rendered":"<p>Izcelsmes valsts: Latvija<\/p>\n","protected":false},"excerpt":{"rendered":"<p>7.98 \u20ac\/KG<\/p>\n","protected":false},"featured_media":76281,"template":"","meta":{"_acf_changed":false,"inline_featured_image":false},"product_cat":[135,182],"product_tag":[],"acf":[],"aioseo_notices":[],"_links":{"self":[{"href":"https:\/\/rezekne.citro.lv\/ru\/wp-json\/wp\/v2\/product\/38433"}],"collection":[{"href":"https:\/\/rezekne.citro.lv\/ru\/wp-json\/wp\/v2\/product"}],"about":[{"href":"https:\/\/rezekne.citro.lv\/ru\/wp-json\/wp\/v2\/types\/product"}],"wp:featuredmedia":[{"embeddable":true,"href":"https:\/\/rezekne.citro.lv\/ru\/wp-json\/wp\/v2\/media\/76281"}],"wp:attachment":[{"href":"https:\/\/rezekne.citro.lv\/ru\/wp-json\/wp\/v2\/media?parent=38433"}],"wp:term":[{"taxonomy":"product_cat","embeddable":true,"href":"https:\/\/rezekne.citro.lv\/ru\/wp-json\/wp\/v2\/product_cat?post=38433"},{"taxonomy":"product_tag","embeddable":true,"href":"https:\/\/rezekne.citro.lv\/ru\/wp-json\/wp\/v2\/product_tag?post=38433"}],"curies":[{"name":"wp","href":"https:\/\/api.w.org\/{rel}","templated":true}]}}