{"id":38535,"date":"2026-04-23T01:19:12","date_gmt":"2026-04-22T22:19:12","guid":{"rendered":"https:\/\/rezekne.citro.psdev.lv\/veikals\/import-placeholder-for-6806\/"},"modified":"2026-05-10T06:29:17","modified_gmt":"2026-05-10T03:29:17","slug":"kafija-malta-lavazza-club-bundza-250g","status":"publish","type":"product","link":"https:\/\/rezekne.citro.lv\/ru\/product\/kafija-malta-lavazza-club-bundza-250g\/","title":{"rendered":"KAFIJA MALTA LAVAZZA CLUB BUND\u017d\u0100 250G"},"content":{"rendered":"<p>Izcelsmes valsts: It\u0101lija<\/p>\n","protected":false},"excerpt":{"rendered":"<p>31.96 \u20ac\/KG<\/p>\n","protected":false},"featured_media":38571,"template":"","meta":{"_acf_changed":false,"inline_featured_image":false},"product_cat":[142,179],"product_tag":[],"acf":[],"aioseo_notices":[],"_links":{"self":[{"href":"https:\/\/rezekne.citro.lv\/ru\/wp-json\/wp\/v2\/product\/38535"}],"collection":[{"href":"https:\/\/rezekne.citro.lv\/ru\/wp-json\/wp\/v2\/product"}],"about":[{"href":"https:\/\/rezekne.citro.lv\/ru\/wp-json\/wp\/v2\/types\/product"}],"wp:featuredmedia":[{"embeddable":true,"href":"https:\/\/rezekne.citro.lv\/ru\/wp-json\/wp\/v2\/media\/38571"}],"wp:attachment":[{"href":"https:\/\/rezekne.citro.lv\/ru\/wp-json\/wp\/v2\/media?parent=38535"}],"wp:term":[{"taxonomy":"product_cat","embeddable":true,"href":"https:\/\/rezekne.citro.lv\/ru\/wp-json\/wp\/v2\/product_cat?post=38535"},{"taxonomy":"product_tag","embeddable":true,"href":"https:\/\/rezekne.citro.lv\/ru\/wp-json\/wp\/v2\/product_tag?post=38535"}],"curies":[{"name":"wp","href":"https:\/\/api.w.org\/{rel}","templated":true}]}}