{"id":38559,"date":"2025-07-18T01:04:53","date_gmt":"2025-07-17T22:04:53","guid":{"rendered":"https:\/\/rezekne.citro.psdev.lv\/veikals\/import-placeholder-for-6829\/"},"modified":"2026-04-26T06:26:45","modified_gmt":"2026-04-26T03:26:45","slug":"pistacijas-grauzdetas-salitas-alis-co-100g","status":"publish","type":"product","link":"https:\/\/rezekne.citro.lv\/ru\/product\/pistacijas-grauzdetas-salitas-alis-co-100g\/","title":{"rendered":"PIST\u0100CIJAS GRAUZD\u0112TAS S\u0100L\u012aTAS ALIS CO 100G"},"content":{"rendered":"<p>Izcelsmes valsts: Amerikas Savienot\u0101s Valstis<\/p>\n","protected":false},"excerpt":{"rendered":"<p>29.90 \u20ac\/KG<\/p>\n","protected":false},"featured_media":38640,"template":"","meta":{"_acf_changed":false,"inline_featured_image":false},"product_cat":[125,202],"product_tag":[],"acf":[],"aioseo_notices":[],"_links":{"self":[{"href":"https:\/\/rezekne.citro.lv\/ru\/wp-json\/wp\/v2\/product\/38559"}],"collection":[{"href":"https:\/\/rezekne.citro.lv\/ru\/wp-json\/wp\/v2\/product"}],"about":[{"href":"https:\/\/rezekne.citro.lv\/ru\/wp-json\/wp\/v2\/types\/product"}],"wp:featuredmedia":[{"embeddable":true,"href":"https:\/\/rezekne.citro.lv\/ru\/wp-json\/wp\/v2\/media\/38640"}],"wp:attachment":[{"href":"https:\/\/rezekne.citro.lv\/ru\/wp-json\/wp\/v2\/media?parent=38559"}],"wp:term":[{"taxonomy":"product_cat","embeddable":true,"href":"https:\/\/rezekne.citro.lv\/ru\/wp-json\/wp\/v2\/product_cat?post=38559"},{"taxonomy":"product_tag","embeddable":true,"href":"https:\/\/rezekne.citro.lv\/ru\/wp-json\/wp\/v2\/product_tag?post=38559"}],"curies":[{"name":"wp","href":"https:\/\/api.w.org\/{rel}","templated":true}]}}