{"id":38561,"date":"2025-12-24T00:02:57","date_gmt":"2025-12-23T22:02:57","guid":{"rendered":"https:\/\/rezekne.citro.psdev.lv\/veikals\/import-placeholder-for-6946\/"},"modified":"2026-04-03T15:00:13","modified_gmt":"2026-04-03T12:00:13","slug":"kotlesu-masa-sver","status":"publish","type":"product","link":"https:\/\/rezekne.citro.lv\/ru\/product\/kotlesu-masa-sver\/","title":{"rendered":"KOTLE\u0160U MASA SVER."},"content":{"rendered":"<p>Izcelsmes valsts: Latvija<br \/>Sast\u0101vda\u013cas: c\u016bkga\u013ca mal\u0161anai 65%, c\u016bkga\u013cas l\u0101psti\u0146a 20%:  \u016bdens:tauku un \u016bdens emulgators((dz\u012bvnieku olbaltumvielas, ciete(GLUT\u0112NS), glikoze, p\u0101rtikas s\u0101ls)): s\u0101ls 0.9%, Uzglab\u0101\u0161anas temperat\u016bra 0+4C Inform\u0101cija par uzturv\u0113rt\u012bbu :100 g produkta satur: ener\u0123\u0113tisk\u0101 v\u0113rt\u012bba 1128 kJ \/ 273kcal; tauki 24.5g, tostarp pies\u0101tin\u0101t\u0101s tauksk\u0101bes 8.4g; og\u013chidr\u0101ti 0g, tostarp cukuri 0g; \u0161\u0137iedrvielas 0g; olbaltumvielas 13g; s\u0101ls 1g.C\u016bkga\u013cas izcelsme ES Ra\u017eot\u0101js: SIA Lekon, Varo\u0146u iela 36b, R\u0113zekne<\/p>\n","protected":false},"excerpt":{"rendered":"<p>4.99 \u20ac\/KG<\/p>\n","protected":false},"featured_media":38646,"template":"","meta":{"_acf_changed":false,"inline_featured_image":false},"product_cat":[113,114,135,190],"product_tag":[],"acf":[],"aioseo_notices":[],"_links":{"self":[{"href":"https:\/\/rezekne.citro.lv\/ru\/wp-json\/wp\/v2\/product\/38561"}],"collection":[{"href":"https:\/\/rezekne.citro.lv\/ru\/wp-json\/wp\/v2\/product"}],"about":[{"href":"https:\/\/rezekne.citro.lv\/ru\/wp-json\/wp\/v2\/types\/product"}],"wp:featuredmedia":[{"embeddable":true,"href":"https:\/\/rezekne.citro.lv\/ru\/wp-json\/wp\/v2\/media\/38646"}],"wp:attachment":[{"href":"https:\/\/rezekne.citro.lv\/ru\/wp-json\/wp\/v2\/media?parent=38561"}],"wp:term":[{"taxonomy":"product_cat","embeddable":true,"href":"https:\/\/rezekne.citro.lv\/ru\/wp-json\/wp\/v2\/product_cat?post=38561"},{"taxonomy":"product_tag","embeddable":true,"href":"https:\/\/rezekne.citro.lv\/ru\/wp-json\/wp\/v2\/product_tag?post=38561"}],"curies":[{"name":"wp","href":"https:\/\/api.w.org\/{rel}","templated":true}]}}