{"id":38652,"date":"2026-04-30T00:02:36","date_gmt":"2026-04-29T21:02:36","guid":{"rendered":"https:\/\/rezekne.citro.psdev.lv\/veikals\/import-placeholder-for-6956\/"},"modified":"2026-05-03T06:04:47","modified_gmt":"2026-05-03T03:04:47","slug":"arbuzi-kg","status":"publish","type":"product","link":"https:\/\/rezekne.citro.lv\/ru\/product\/arbuzi-kg\/","title":{"rendered":"ARB\u016aZI KG"},"content":{"rendered":"<p>UKRAINA 2.\u0160\u0136<\/p>\n","protected":false},"excerpt":{"rendered":"<p>1.79 \u20ac\/KG<\/p>\n","protected":false},"featured_media":72318,"template":"","meta":{"_acf_changed":false,"inline_featured_image":false},"product_cat":[97,98],"product_tag":[],"acf":[],"aioseo_notices":[],"_links":{"self":[{"href":"https:\/\/rezekne.citro.lv\/ru\/wp-json\/wp\/v2\/product\/38652"}],"collection":[{"href":"https:\/\/rezekne.citro.lv\/ru\/wp-json\/wp\/v2\/product"}],"about":[{"href":"https:\/\/rezekne.citro.lv\/ru\/wp-json\/wp\/v2\/types\/product"}],"wp:featuredmedia":[{"embeddable":true,"href":"https:\/\/rezekne.citro.lv\/ru\/wp-json\/wp\/v2\/media\/72318"}],"wp:attachment":[{"href":"https:\/\/rezekne.citro.lv\/ru\/wp-json\/wp\/v2\/media?parent=38652"}],"wp:term":[{"taxonomy":"product_cat","embeddable":true,"href":"https:\/\/rezekne.citro.lv\/ru\/wp-json\/wp\/v2\/product_cat?post=38652"},{"taxonomy":"product_tag","embeddable":true,"href":"https:\/\/rezekne.citro.lv\/ru\/wp-json\/wp\/v2\/product_tag?post=38652"}],"curies":[{"name":"wp","href":"https:\/\/api.w.org\/{rel}","templated":true}]}}