{"id":38667,"date":"2026-05-07T00:16:32","date_gmt":"2026-05-06T21:16:32","guid":{"rendered":"https:\/\/rezekne.citro.psdev.lv\/veikals\/import-placeholder-for-7043\/"},"modified":"2026-05-09T09:00:25","modified_gmt":"2026-05-09T06:00:25","slug":"cukgalas-sasliks-majoneze-citro-1kg","status":"publish","type":"product","link":"https:\/\/rezekne.citro.lv\/ru\/product\/cukgalas-sasliks-majoneze-citro-1kg\/","title":{"rendered":"C\u016aKGA\u013bAS \u0160A\u0160LIKS MAJON\u0112Z\u0112 CITRO 1KG"},"content":{"rendered":"<p>Izcelsmes valsts: Latvija<br \/>Sast\u0101vda\u013cas:c\u016bkga\u013cas l\u0101psti\u0146a 85%;majon\u0113ze14%((dzeramais \u016bdens, saulespu\u0137u e\u013c\u013ca, biezin\u0101t\u0101js (ciete), cukurs, galda s\u0101ls, emulgators(ciete),dabiskas izcelsmes stabilizatori(gu\u0101ra sve\u0137i, ksant\u0101na sve\u0137i), sk\u0101buma regul\u0113t\u0101ji (eti\u0137sk\u0101be, citronsk\u0101be), konservants, aromatiz\u0113t\u0101js SINEPES, dab\u012bg\u0101 kr\u0101sviela (B-karot\u012bns)): gar\u0161vielas((p\u0101rtikas s\u0101ls , gar\u0161vielas(t.sk SELERIJA), saharoze,arom\u0101tvielas, gar\u0161vielas ekstrakti,  gar\u0161as pastiprin\u0101t\u0101js:E621 monon\u0101trija glutam\u0101ts )).Uzglab\u0101\u0161anas temperat\u016bra.0+4C Inform\u0101cija par uzturv\u0113rt\u012bbu: 100 g produkta satur: ener\u0123\u0113tisk\u0101 v\u0113rt\u012bba 765 kJ \/ 184kcal; tauki 12.5g, tostarp pies\u0101tin\u0101t\u0101s tauksk\u0101bes 2.3g; og\u013chidr\u0101ti 0.9g, tostarp cukuri 0.5g; \u0161\u0137iedrvielas 0g; olbaltumvielas 16.9g; s\u0101ls 0.9g. Pirms lieto\u0161anas uztur\u0101 termiski apstr\u0101d\u0101t<\/p>\n","protected":false},"excerpt":{"rendered":"<p>8.99 \u20ac\/KG<\/p>\n","protected":false},"featured_media":52208,"template":"","meta":{"_acf_changed":false,"inline_featured_image":false},"product_cat":[135,182],"product_tag":[],"acf":[],"aioseo_notices":[],"_links":{"self":[{"href":"https:\/\/rezekne.citro.lv\/ru\/wp-json\/wp\/v2\/product\/38667"}],"collection":[{"href":"https:\/\/rezekne.citro.lv\/ru\/wp-json\/wp\/v2\/product"}],"about":[{"href":"https:\/\/rezekne.citro.lv\/ru\/wp-json\/wp\/v2\/types\/product"}],"wp:featuredmedia":[{"embeddable":true,"href":"https:\/\/rezekne.citro.lv\/ru\/wp-json\/wp\/v2\/media\/52208"}],"wp:attachment":[{"href":"https:\/\/rezekne.citro.lv\/ru\/wp-json\/wp\/v2\/media?parent=38667"}],"wp:term":[{"taxonomy":"product_cat","embeddable":true,"href":"https:\/\/rezekne.citro.lv\/ru\/wp-json\/wp\/v2\/product_cat?post=38667"},{"taxonomy":"product_tag","embeddable":true,"href":"https:\/\/rezekne.citro.lv\/ru\/wp-json\/wp\/v2\/product_tag?post=38667"}],"curies":[{"name":"wp","href":"https:\/\/api.w.org\/{rel}","templated":true}]}}