{"id":38796,"date":"2025-07-18T01:33:40","date_gmt":"2025-07-17T22:33:40","guid":{"rendered":"https:\/\/rezekne.citro.psdev.lv\/veikals\/import-placeholder-for-7193\/"},"modified":"2026-05-09T06:29:40","modified_gmt":"2026-05-09T03:29:40","slug":"lasa-fileja-mazsalita-170g-norvelita","status":"publish","type":"product","link":"https:\/\/rezekne.citro.lv\/ru\/product\/lasa-fileja-mazsalita-170g-norvelita\/","title":{"rendered":"LA\u0160A FILEJA MAZS\u0100L\u012aTA 170G NORVELITA"},"content":{"rendered":"<p>Izcelsmes valsts: Lietuva<br \/>Uzglab.re\u017eims no +2 l\u012bdz +6 Ra\u017eot\u0101js: Norvelita Latvia SIA<\/p>\n","protected":false},"excerpt":{"rendered":"<p>31.71 \u20ac\/KG<\/p>\n","protected":false},"featured_media":38883,"template":"","meta":{"_acf_changed":false,"inline_featured_image":false},"product_cat":[135,136],"product_tag":[],"acf":[],"aioseo_notices":[],"_links":{"self":[{"href":"https:\/\/rezekne.citro.lv\/ru\/wp-json\/wp\/v2\/product\/38796"}],"collection":[{"href":"https:\/\/rezekne.citro.lv\/ru\/wp-json\/wp\/v2\/product"}],"about":[{"href":"https:\/\/rezekne.citro.lv\/ru\/wp-json\/wp\/v2\/types\/product"}],"wp:featuredmedia":[{"embeddable":true,"href":"https:\/\/rezekne.citro.lv\/ru\/wp-json\/wp\/v2\/media\/38883"}],"wp:attachment":[{"href":"https:\/\/rezekne.citro.lv\/ru\/wp-json\/wp\/v2\/media?parent=38796"}],"wp:term":[{"taxonomy":"product_cat","embeddable":true,"href":"https:\/\/rezekne.citro.lv\/ru\/wp-json\/wp\/v2\/product_cat?post=38796"},{"taxonomy":"product_tag","embeddable":true,"href":"https:\/\/rezekne.citro.lv\/ru\/wp-json\/wp\/v2\/product_tag?post=38796"}],"curies":[{"name":"wp","href":"https:\/\/api.w.org\/{rel}","templated":true}]}}