{"id":38900,"date":"2025-07-18T01:16:22","date_gmt":"2025-07-17T22:16:22","guid":{"rendered":"https:\/\/rezekne.citro.psdev.lv\/veikals\/import-placeholder-for-7292\/"},"modified":"2025-09-12T09:42:59","modified_gmt":"2025-09-12T06:42:59","slug":"garsv-piedevas-gurku-konservesanai-30g-valezs","status":"publish","type":"product","link":"https:\/\/rezekne.citro.lv\/ru\/product\/garsv-piedevas-gurku-konservesanai-30g-valezs\/","title":{"rendered":"GAR\u0160V. PIEDEVAS GUR\u0136U KONSERV\u0112\u0160ANAI 30G VALE\u017dS"},"content":{"rendered":"<p>Izcelsmes valsts: Latvija<\/p>\n","protected":false},"excerpt":{"rendered":"<p>17.33 \u20ac\/KG<\/p>\n","protected":false},"featured_media":38949,"template":"","meta":{"_acf_changed":false,"inline_featured_image":false},"product_cat":[116,165],"product_tag":[],"acf":[],"aioseo_notices":[],"_links":{"self":[{"href":"https:\/\/rezekne.citro.lv\/ru\/wp-json\/wp\/v2\/product\/38900"}],"collection":[{"href":"https:\/\/rezekne.citro.lv\/ru\/wp-json\/wp\/v2\/product"}],"about":[{"href":"https:\/\/rezekne.citro.lv\/ru\/wp-json\/wp\/v2\/types\/product"}],"wp:featuredmedia":[{"embeddable":true,"href":"https:\/\/rezekne.citro.lv\/ru\/wp-json\/wp\/v2\/media\/38949"}],"wp:attachment":[{"href":"https:\/\/rezekne.citro.lv\/ru\/wp-json\/wp\/v2\/media?parent=38900"}],"wp:term":[{"taxonomy":"product_cat","embeddable":true,"href":"https:\/\/rezekne.citro.lv\/ru\/wp-json\/wp\/v2\/product_cat?post=38900"},{"taxonomy":"product_tag","embeddable":true,"href":"https:\/\/rezekne.citro.lv\/ru\/wp-json\/wp\/v2\/product_tag?post=38900"}],"curies":[{"name":"wp","href":"https:\/\/api.w.org\/{rel}","templated":true}]}}