{"id":38906,"date":"2026-03-26T00:46:54","date_gmt":"2026-03-25T22:46:54","guid":{"rendered":"https:\/\/rezekne.citro.psdev.lv\/veikals\/import-placeholder-for-7298\/"},"modified":"2026-03-31T15:00:50","modified_gmt":"2026-03-31T12:00:50","slug":"pudins-alma-karamelu-230g-valio","status":"publish","type":"product","link":"https:\/\/rezekne.citro.lv\/ru\/product\/pudins-alma-karamelu-230g-valio\/","title":{"rendered":"PUDI\u0145\u0160 ALMA KARAME\u013bU 230G VALIO"},"content":{"rendered":"<p>Izcelsmes valsts: Igaunija<\/p>\n","protected":false},"excerpt":{"rendered":"<p>4.30 \u20ac\/KG<\/p>\n","protected":false},"featured_media":46553,"template":"","meta":{"_acf_changed":false,"inline_featured_image":false},"product_cat":[95,188],"product_tag":[],"acf":[],"aioseo_notices":[],"_links":{"self":[{"href":"https:\/\/rezekne.citro.lv\/ru\/wp-json\/wp\/v2\/product\/38906"}],"collection":[{"href":"https:\/\/rezekne.citro.lv\/ru\/wp-json\/wp\/v2\/product"}],"about":[{"href":"https:\/\/rezekne.citro.lv\/ru\/wp-json\/wp\/v2\/types\/product"}],"wp:featuredmedia":[{"embeddable":true,"href":"https:\/\/rezekne.citro.lv\/ru\/wp-json\/wp\/v2\/media\/46553"}],"wp:attachment":[{"href":"https:\/\/rezekne.citro.lv\/ru\/wp-json\/wp\/v2\/media?parent=38906"}],"wp:term":[{"taxonomy":"product_cat","embeddable":true,"href":"https:\/\/rezekne.citro.lv\/ru\/wp-json\/wp\/v2\/product_cat?post=38906"},{"taxonomy":"product_tag","embeddable":true,"href":"https:\/\/rezekne.citro.lv\/ru\/wp-json\/wp\/v2\/product_tag?post=38906"}],"curies":[{"name":"wp","href":"https:\/\/api.w.org\/{rel}","templated":true}]}}