{"id":39161,"date":"2026-03-26T01:01:58","date_gmt":"2026-03-25T23:01:58","guid":{"rendered":"https:\/\/rezekne.citro.psdev.lv\/veikals\/import-placeholder-for-7641\/"},"modified":"2026-04-09T06:27:38","modified_gmt":"2026-04-09T03:27:38","slug":"desa-iecienita-tejas-500g-gpu-nakotne","status":"publish","type":"product","link":"https:\/\/rezekne.citro.lv\/ru\/product\/desa-iecienita-tejas-500g-gpu-nakotne\/","title":{"rendered":"DESA IECIEN\u012aT\u0100 T\u0112JAS 500G GPU N\u0100KOTNE"},"content":{"rendered":"<p>Izcelsmes valsts: Latvija<\/p>\n","protected":false},"excerpt":{"rendered":"<p>5.70 \u20ac\/KG<\/p>\n","protected":false},"featured_media":39243,"template":"","meta":{"_acf_changed":false,"inline_featured_image":false},"product_cat":[135,144],"product_tag":[],"acf":[],"aioseo_notices":[],"_links":{"self":[{"href":"https:\/\/rezekne.citro.lv\/ru\/wp-json\/wp\/v2\/product\/39161"}],"collection":[{"href":"https:\/\/rezekne.citro.lv\/ru\/wp-json\/wp\/v2\/product"}],"about":[{"href":"https:\/\/rezekne.citro.lv\/ru\/wp-json\/wp\/v2\/types\/product"}],"wp:featuredmedia":[{"embeddable":true,"href":"https:\/\/rezekne.citro.lv\/ru\/wp-json\/wp\/v2\/media\/39243"}],"wp:attachment":[{"href":"https:\/\/rezekne.citro.lv\/ru\/wp-json\/wp\/v2\/media?parent=39161"}],"wp:term":[{"taxonomy":"product_cat","embeddable":true,"href":"https:\/\/rezekne.citro.lv\/ru\/wp-json\/wp\/v2\/product_cat?post=39161"},{"taxonomy":"product_tag","embeddable":true,"href":"https:\/\/rezekne.citro.lv\/ru\/wp-json\/wp\/v2\/product_tag?post=39161"}],"curies":[{"name":"wp","href":"https:\/\/api.w.org\/{rel}","templated":true}]}}