{"id":39268,"date":"2026-04-09T00:16:22","date_gmt":"2026-04-08T21:16:22","guid":{"rendered":"https:\/\/rezekne.citro.psdev.lv\/veikals\/import-placeholder-for-7802\/"},"modified":"2026-04-19T06:12:18","modified_gmt":"2026-04-19T03:12:18","slug":"aprikozes-zavetas-alis-co-200g","status":"publish","type":"product","link":"https:\/\/rezekne.citro.lv\/ru\/product\/aprikozes-zavetas-alis-co-200g\/","title":{"rendered":"APRIKOZES \u017d\u0100V\u0112TAS ALIS CO 200G"},"content":{"rendered":"<p>Izcelsmes valsts: Uzbekist\u0101na<\/p>\n","protected":false},"excerpt":{"rendered":"<p>8.95 \u20ac\/KG<\/p>\n","protected":false},"featured_media":39327,"template":"","meta":{"_acf_changed":false,"inline_featured_image":false},"product_cat":[125,543],"product_tag":[],"acf":[],"aioseo_notices":[],"_links":{"self":[{"href":"https:\/\/rezekne.citro.lv\/ru\/wp-json\/wp\/v2\/product\/39268"}],"collection":[{"href":"https:\/\/rezekne.citro.lv\/ru\/wp-json\/wp\/v2\/product"}],"about":[{"href":"https:\/\/rezekne.citro.lv\/ru\/wp-json\/wp\/v2\/types\/product"}],"wp:featuredmedia":[{"embeddable":true,"href":"https:\/\/rezekne.citro.lv\/ru\/wp-json\/wp\/v2\/media\/39327"}],"wp:attachment":[{"href":"https:\/\/rezekne.citro.lv\/ru\/wp-json\/wp\/v2\/media?parent=39268"}],"wp:term":[{"taxonomy":"product_cat","embeddable":true,"href":"https:\/\/rezekne.citro.lv\/ru\/wp-json\/wp\/v2\/product_cat?post=39268"},{"taxonomy":"product_tag","embeddable":true,"href":"https:\/\/rezekne.citro.lv\/ru\/wp-json\/wp\/v2\/product_tag?post=39268"}],"curies":[{"name":"wp","href":"https:\/\/api.w.org\/{rel}","templated":true}]}}