{"id":39276,"date":"2026-03-26T01:18:02","date_gmt":"2026-03-25T23:18:02","guid":{"rendered":"https:\/\/rezekne.citro.psdev.lv\/veikals\/import-placeholder-for-7810\/"},"modified":"2026-04-05T06:28:34","modified_gmt":"2026-04-05T03:28:34","slug":"kart-biezenis-ar-kup-bekona-garsu-un-grauzdiniem-maggi-5min-53g","status":"publish","type":"product","link":"https:\/\/rezekne.citro.lv\/ru\/product\/kart-biezenis-ar-kup-bekona-garsu-un-grauzdiniem-maggi-5min-53g\/","title":{"rendered":"KART.BIEZENIS AR K\u016aP.BEKONA GAR\u0160U UN GRAUZDI\u0145IEM MAGGI 5MIN 53G"},"content":{"rendered":"<p>Izcelsmes valsts: Polija<\/p>\n","protected":false},"excerpt":{"rendered":"<p>37.55 \u20ac\/KG<\/p>\n","protected":false},"featured_media":39348,"template":"","meta":{"_acf_changed":false,"inline_featured_image":false},"product_cat":[111,211],"product_tag":[],"acf":[],"aioseo_notices":[],"_links":{"self":[{"href":"https:\/\/rezekne.citro.lv\/ru\/wp-json\/wp\/v2\/product\/39276"}],"collection":[{"href":"https:\/\/rezekne.citro.lv\/ru\/wp-json\/wp\/v2\/product"}],"about":[{"href":"https:\/\/rezekne.citro.lv\/ru\/wp-json\/wp\/v2\/types\/product"}],"wp:featuredmedia":[{"embeddable":true,"href":"https:\/\/rezekne.citro.lv\/ru\/wp-json\/wp\/v2\/media\/39348"}],"wp:attachment":[{"href":"https:\/\/rezekne.citro.lv\/ru\/wp-json\/wp\/v2\/media?parent=39276"}],"wp:term":[{"taxonomy":"product_cat","embeddable":true,"href":"https:\/\/rezekne.citro.lv\/ru\/wp-json\/wp\/v2\/product_cat?post=39276"},{"taxonomy":"product_tag","embeddable":true,"href":"https:\/\/rezekne.citro.lv\/ru\/wp-json\/wp\/v2\/product_tag?post=39276"}],"curies":[{"name":"wp","href":"https:\/\/api.w.org\/{rel}","templated":true}]}}