{"id":39362,"date":"2026-04-09T00:17:17","date_gmt":"2026-04-08T21:17:17","guid":{"rendered":"https:\/\/rezekne.citro.psdev.lv\/veikals\/import-placeholder-for-7821\/"},"modified":"2026-04-29T15:01:30","modified_gmt":"2026-04-29T12:01:30","slug":"tymbark-abolu-aroniju-kirsu-zemenu-dzer-0-2l","status":"publish","type":"product","link":"https:\/\/rezekne.citro.lv\/ru\/product\/tymbark-abolu-aroniju-kirsu-zemenu-dzer-0-2l\/","title":{"rendered":"TYMBARK \u0100BOLU-ARONIJU-\u0136IR\u0160U-ZEME\u0145U DZ\u0112R.0.2L"},"content":{"rendered":"<p>Izcelsmes valsts: Polija<\/p>\n","protected":false},"excerpt":{"rendered":"<p>2.45 \u20ac\/L<\/p>\n","protected":false},"featured_media":39409,"template":"","meta":{"_acf_changed":false,"inline_featured_image":false},"product_cat":[106,124],"product_tag":[],"acf":[],"aioseo_notices":[],"_links":{"self":[{"href":"https:\/\/rezekne.citro.lv\/ru\/wp-json\/wp\/v2\/product\/39362"}],"collection":[{"href":"https:\/\/rezekne.citro.lv\/ru\/wp-json\/wp\/v2\/product"}],"about":[{"href":"https:\/\/rezekne.citro.lv\/ru\/wp-json\/wp\/v2\/types\/product"}],"wp:featuredmedia":[{"embeddable":true,"href":"https:\/\/rezekne.citro.lv\/ru\/wp-json\/wp\/v2\/media\/39409"}],"wp:attachment":[{"href":"https:\/\/rezekne.citro.lv\/ru\/wp-json\/wp\/v2\/media?parent=39362"}],"wp:term":[{"taxonomy":"product_cat","embeddable":true,"href":"https:\/\/rezekne.citro.lv\/ru\/wp-json\/wp\/v2\/product_cat?post=39362"},{"taxonomy":"product_tag","embeddable":true,"href":"https:\/\/rezekne.citro.lv\/ru\/wp-json\/wp\/v2\/product_tag?post=39362"}],"curies":[{"name":"wp","href":"https:\/\/api.w.org\/{rel}","templated":true}]}}