{"id":39480,"date":"2026-04-23T01:01:11","date_gmt":"2026-04-22T22:01:11","guid":{"rendered":"https:\/\/rezekne.citro.psdev.lv\/veikals\/import-placeholder-for-8027\/"},"modified":"2026-05-08T06:27:27","modified_gmt":"2026-05-08T03:27:27","slug":"milti-kviesu-herkuless-augstaka-labuma-2kg","status":"publish","type":"product","link":"https:\/\/rezekne.citro.lv\/ru\/product\/milti-kviesu-herkuless-augstaka-labuma-2kg\/","title":{"rendered":"MILTI KVIE\u0160U HERKULESS AUGST\u0100K\u0100 LABUMA 2KG"},"content":{"rendered":"<p>Izcelsmes valsts: Latvija<\/p>\n","protected":false},"excerpt":{"rendered":"<p>1.25 \u20ac\/KG<\/p>\n","protected":false},"featured_media":47358,"template":"","meta":{"_acf_changed":false,"inline_featured_image":false},"product_cat":[118,119],"product_tag":[],"acf":[],"aioseo_notices":[],"_links":{"self":[{"href":"https:\/\/rezekne.citro.lv\/ru\/wp-json\/wp\/v2\/product\/39480"}],"collection":[{"href":"https:\/\/rezekne.citro.lv\/ru\/wp-json\/wp\/v2\/product"}],"about":[{"href":"https:\/\/rezekne.citro.lv\/ru\/wp-json\/wp\/v2\/types\/product"}],"wp:featuredmedia":[{"embeddable":true,"href":"https:\/\/rezekne.citro.lv\/ru\/wp-json\/wp\/v2\/media\/47358"}],"wp:attachment":[{"href":"https:\/\/rezekne.citro.lv\/ru\/wp-json\/wp\/v2\/media?parent=39480"}],"wp:term":[{"taxonomy":"product_cat","embeddable":true,"href":"https:\/\/rezekne.citro.lv\/ru\/wp-json\/wp\/v2\/product_cat?post=39480"},{"taxonomy":"product_tag","embeddable":true,"href":"https:\/\/rezekne.citro.lv\/ru\/wp-json\/wp\/v2\/product_tag?post=39480"}],"curies":[{"name":"wp","href":"https:\/\/api.w.org\/{rel}","templated":true}]}}