{"id":39492,"date":"2026-04-24T00:02:02","date_gmt":"2026-04-23T21:02:02","guid":{"rendered":"https:\/\/rezekne.citro.psdev.lv\/veikals\/import-placeholder-for-8039\/"},"modified":"2026-05-13T06:25:22","modified_gmt":"2026-05-13T03:25:22","slug":"deserts-jeppi-ar-vanilas-garsu-38g","status":"publish","type":"product","link":"https:\/\/rezekne.citro.lv\/ru\/product\/deserts-jeppi-ar-vanilas-garsu-38g\/","title":{"rendered":"BIEZPIENA SIERI\u0145\u0160 JEPPI AR VANI\u013bAS GAR\u0160U 38G"},"content":{"rendered":"","protected":false},"excerpt":{"rendered":"<p>6.05 \u20ac\/KG<\/p>\n","protected":false},"featured_media":39548,"template":"","meta":{"_acf_changed":false,"inline_featured_image":false},"product_cat":[95,188],"product_tag":[],"acf":[],"aioseo_notices":[],"_links":{"self":[{"href":"https:\/\/rezekne.citro.lv\/ru\/wp-json\/wp\/v2\/product\/39492"}],"collection":[{"href":"https:\/\/rezekne.citro.lv\/ru\/wp-json\/wp\/v2\/product"}],"about":[{"href":"https:\/\/rezekne.citro.lv\/ru\/wp-json\/wp\/v2\/types\/product"}],"wp:featuredmedia":[{"embeddable":true,"href":"https:\/\/rezekne.citro.lv\/ru\/wp-json\/wp\/v2\/media\/39548"}],"wp:attachment":[{"href":"https:\/\/rezekne.citro.lv\/ru\/wp-json\/wp\/v2\/media?parent=39492"}],"wp:term":[{"taxonomy":"product_cat","embeddable":true,"href":"https:\/\/rezekne.citro.lv\/ru\/wp-json\/wp\/v2\/product_cat?post=39492"},{"taxonomy":"product_tag","embeddable":true,"href":"https:\/\/rezekne.citro.lv\/ru\/wp-json\/wp\/v2\/product_tag?post=39492"}],"curies":[{"name":"wp","href":"https:\/\/api.w.org\/{rel}","templated":true}]}}