{"id":39501,"date":"2026-03-26T01:19:43","date_gmt":"2026-03-25T23:19:43","guid":{"rendered":"https:\/\/rezekne.citro.psdev.lv\/veikals\/import-placeholder-for-8152\/"},"modified":"2026-04-12T15:00:17","modified_gmt":"2026-04-12T12:00:17","slug":"vafeles-piena-sokolade-kex-pilditas-60g","status":"publish","type":"product","link":"https:\/\/rezekne.citro.lv\/ru\/product\/vafeles-piena-sokolade-kex-pilditas-60g\/","title":{"rendered":"VAFELES PIENA \u0160OKOL\u0100D\u0112 KEX PILD\u012aTAS 60G"},"content":{"rendered":"<p>Izcelsmes valsts: Zviedrija<\/p>\n","protected":false},"excerpt":{"rendered":"<p>23.17 \u20ac\/KG<\/p>\n","protected":false},"featured_media":39575,"template":"","meta":{"_acf_changed":false,"inline_featured_image":false},"product_cat":[125,139],"product_tag":[],"acf":[],"aioseo_notices":[],"_links":{"self":[{"href":"https:\/\/rezekne.citro.lv\/ru\/wp-json\/wp\/v2\/product\/39501"}],"collection":[{"href":"https:\/\/rezekne.citro.lv\/ru\/wp-json\/wp\/v2\/product"}],"about":[{"href":"https:\/\/rezekne.citro.lv\/ru\/wp-json\/wp\/v2\/types\/product"}],"wp:featuredmedia":[{"embeddable":true,"href":"https:\/\/rezekne.citro.lv\/ru\/wp-json\/wp\/v2\/media\/39575"}],"wp:attachment":[{"href":"https:\/\/rezekne.citro.lv\/ru\/wp-json\/wp\/v2\/media?parent=39501"}],"wp:term":[{"taxonomy":"product_cat","embeddable":true,"href":"https:\/\/rezekne.citro.lv\/ru\/wp-json\/wp\/v2\/product_cat?post=39501"},{"taxonomy":"product_tag","embeddable":true,"href":"https:\/\/rezekne.citro.lv\/ru\/wp-json\/wp\/v2\/product_tag?post=39501"}],"curies":[{"name":"wp","href":"https:\/\/api.w.org\/{rel}","templated":true}]}}