{"id":39605,"date":"2026-03-26T00:49:42","date_gmt":"2026-03-25T22:49:42","guid":{"rendered":"https:\/\/rezekne.citro.psdev.lv\/veikals\/import-placeholder-for-8166\/"},"modified":"2026-04-04T06:27:38","modified_gmt":"2026-04-04T03:27:38","slug":"maize-graudu-dziva-saulespuku-250g-fazer","status":"publish","type":"product","link":"https:\/\/rezekne.citro.lv\/ru\/product\/maize-graudu-dziva-saulespuku-250g-fazer\/","title":{"rendered":"MAIZE GRAUDU DZ\u012aV\u0100 SAULESPU\u0136U 250G FAZER"},"content":{"rendered":"<p>Izcelsmes valsts: Latvija<\/p>\n","protected":false},"excerpt":{"rendered":"<p>4.20 \u20ac\/KG<\/p>\n","protected":false},"featured_media":16001,"template":"","meta":{"_acf_changed":false,"inline_featured_image":false},"product_cat":[215,216],"product_tag":[],"acf":[],"aioseo_notices":[],"_links":{"self":[{"href":"https:\/\/rezekne.citro.lv\/ru\/wp-json\/wp\/v2\/product\/39605"}],"collection":[{"href":"https:\/\/rezekne.citro.lv\/ru\/wp-json\/wp\/v2\/product"}],"about":[{"href":"https:\/\/rezekne.citro.lv\/ru\/wp-json\/wp\/v2\/types\/product"}],"wp:featuredmedia":[{"embeddable":true,"href":"https:\/\/rezekne.citro.lv\/ru\/wp-json\/wp\/v2\/media\/16001"}],"wp:attachment":[{"href":"https:\/\/rezekne.citro.lv\/ru\/wp-json\/wp\/v2\/media?parent=39605"}],"wp:term":[{"taxonomy":"product_cat","embeddable":true,"href":"https:\/\/rezekne.citro.lv\/ru\/wp-json\/wp\/v2\/product_cat?post=39605"},{"taxonomy":"product_tag","embeddable":true,"href":"https:\/\/rezekne.citro.lv\/ru\/wp-json\/wp\/v2\/product_tag?post=39605"}],"curies":[{"name":"wp","href":"https:\/\/api.w.org\/{rel}","templated":true}]}}