{"id":39846,"date":"2026-03-26T01:18:37","date_gmt":"2026-03-25T23:18:37","guid":{"rendered":"https:\/\/rezekne.citro.psdev.lv\/veikals\/import-placeholder-for-8567\/"},"modified":"2026-04-04T06:29:57","modified_gmt":"2026-04-04T03:29:57","slug":"kafija-skistosa-merrild-classic-100g","status":"publish","type":"product","link":"https:\/\/rezekne.citro.lv\/ru\/product\/kafija-skistosa-merrild-classic-100g\/","title":{"rendered":"KAFIJA \u0160\u0136\u012aSTO\u0160\u0100 MERRILD CLASSIC 100G"},"content":{"rendered":"<p>Izcelsmes valsts: It\u0101lija<\/p>\n","protected":false},"excerpt":{"rendered":"<p>49.90 \u20ac\/KG<\/p>\n","protected":false},"featured_media":58710,"template":"","meta":{"_acf_changed":false,"inline_featured_image":false},"product_cat":[142,179],"product_tag":[],"acf":[],"aioseo_notices":[],"_links":{"self":[{"href":"https:\/\/rezekne.citro.lv\/ru\/wp-json\/wp\/v2\/product\/39846"}],"collection":[{"href":"https:\/\/rezekne.citro.lv\/ru\/wp-json\/wp\/v2\/product"}],"about":[{"href":"https:\/\/rezekne.citro.lv\/ru\/wp-json\/wp\/v2\/types\/product"}],"wp:featuredmedia":[{"embeddable":true,"href":"https:\/\/rezekne.citro.lv\/ru\/wp-json\/wp\/v2\/media\/58710"}],"wp:attachment":[{"href":"https:\/\/rezekne.citro.lv\/ru\/wp-json\/wp\/v2\/media?parent=39846"}],"wp:term":[{"taxonomy":"product_cat","embeddable":true,"href":"https:\/\/rezekne.citro.lv\/ru\/wp-json\/wp\/v2\/product_cat?post=39846"},{"taxonomy":"product_tag","embeddable":true,"href":"https:\/\/rezekne.citro.lv\/ru\/wp-json\/wp\/v2\/product_tag?post=39846"}],"curies":[{"name":"wp","href":"https:\/\/api.w.org\/{rel}","templated":true}]}}