{"id":40086,"date":"2026-03-26T00:02:34","date_gmt":"2026-03-25T22:02:34","guid":{"rendered":"https:\/\/rezekne.citro.psdev.lv\/veikals\/import-placeholder-for-8625\/"},"modified":"2026-03-26T00:02:46","modified_gmt":"2026-03-25T22:02:46","slug":"zemesrieksti-estrella-ar-lauku-krejuma-un-sipolu-garsu-140g","status":"publish","type":"product","link":"https:\/\/rezekne.citro.lv\/ru\/product\/zemesrieksti-estrella-ar-lauku-krejuma-un-sipolu-garsu-140g\/","title":{"rendered":"ZEMESRIEKSTI ESTRELLA AR LAUKU KR\u0112JUMA UN S\u012aPOLU GAR\u0160U 140G"},"content":{"rendered":"<p>Izcelsmes valsts: Polija<\/p>\n","protected":false},"excerpt":{"rendered":"<p>10.64 \u20ac\/KG<\/p>\n","protected":false},"featured_media":67897,"template":"","meta":{"_acf_changed":false,"inline_featured_image":false},"product_cat":[125,202],"product_tag":[],"acf":[],"aioseo_notices":[],"_links":{"self":[{"href":"https:\/\/rezekne.citro.lv\/ru\/wp-json\/wp\/v2\/product\/40086"}],"collection":[{"href":"https:\/\/rezekne.citro.lv\/ru\/wp-json\/wp\/v2\/product"}],"about":[{"href":"https:\/\/rezekne.citro.lv\/ru\/wp-json\/wp\/v2\/types\/product"}],"wp:featuredmedia":[{"embeddable":true,"href":"https:\/\/rezekne.citro.lv\/ru\/wp-json\/wp\/v2\/media\/67897"}],"wp:attachment":[{"href":"https:\/\/rezekne.citro.lv\/ru\/wp-json\/wp\/v2\/media?parent=40086"}],"wp:term":[{"taxonomy":"product_cat","embeddable":true,"href":"https:\/\/rezekne.citro.lv\/ru\/wp-json\/wp\/v2\/product_cat?post=40086"},{"taxonomy":"product_tag","embeddable":true,"href":"https:\/\/rezekne.citro.lv\/ru\/wp-json\/wp\/v2\/product_tag?post=40086"}],"curies":[{"name":"wp","href":"https:\/\/api.w.org\/{rel}","templated":true}]}}