{"id":40198,"date":"2026-04-23T01:17:03","date_gmt":"2026-04-22T22:17:03","guid":{"rendered":"https:\/\/rezekne.citro.psdev.lv\/veikals\/import-placeholder-for-8647\/"},"modified":"2026-04-23T01:17:04","modified_gmt":"2026-04-22T22:17:04","slug":"teja-auglu-loyd-pyramids-ar-ananasu-un-bumbieru-garsu-20gab-40g","status":"publish","type":"product","link":"https:\/\/rezekne.citro.lv\/ru\/product\/teja-auglu-loyd-pyramids-ar-ananasu-un-bumbieru-garsu-20gab-40g\/","title":{"rendered":"T\u0112JA AUG\u013bU LOYD PYRAMIDS AR ANAN\u0100SU UN BUMBIERU GAR\u0160U 20GAB. 40G"},"content":{"rendered":"<p>Izcelsmes valsts: Polija<\/p>\n","protected":false},"excerpt":{"rendered":"<p>69.75 \u20ac\/KG<\/p>\n","protected":false},"featured_media":55102,"template":"","meta":{"_acf_changed":false,"inline_featured_image":false},"product_cat":[142,143],"product_tag":[],"acf":[],"aioseo_notices":[],"_links":{"self":[{"href":"https:\/\/rezekne.citro.lv\/ru\/wp-json\/wp\/v2\/product\/40198"}],"collection":[{"href":"https:\/\/rezekne.citro.lv\/ru\/wp-json\/wp\/v2\/product"}],"about":[{"href":"https:\/\/rezekne.citro.lv\/ru\/wp-json\/wp\/v2\/types\/product"}],"wp:featuredmedia":[{"embeddable":true,"href":"https:\/\/rezekne.citro.lv\/ru\/wp-json\/wp\/v2\/media\/55102"}],"wp:attachment":[{"href":"https:\/\/rezekne.citro.lv\/ru\/wp-json\/wp\/v2\/media?parent=40198"}],"wp:term":[{"taxonomy":"product_cat","embeddable":true,"href":"https:\/\/rezekne.citro.lv\/ru\/wp-json\/wp\/v2\/product_cat?post=40198"},{"taxonomy":"product_tag","embeddable":true,"href":"https:\/\/rezekne.citro.lv\/ru\/wp-json\/wp\/v2\/product_tag?post=40198"}],"curies":[{"name":"wp","href":"https:\/\/api.w.org\/{rel}","templated":true}]}}