{"id":40224,"date":"2026-03-12T08:15:18","date_gmt":"2026-03-12T06:15:18","guid":{"rendered":"https:\/\/rezekne.citro.psdev.lv\/veikals\/import-placeholder-for-9036\/"},"modified":"2026-03-17T10:36:18","modified_gmt":"2026-03-17T08:36:18","slug":"kanelmaizite-citro-90g","status":"publish","type":"product","link":"https:\/\/rezekne.citro.lv\/ru\/product\/kanelmaizite-citro-90g\/","title":{"rendered":"KAN\u0112\u013bMAIZ\u012aTE CITRO 90G"},"content":{"rendered":"<p>Izcelsmes valsts: Latvija<br \/>Sast\u0101vda\u013cas:m\u012bkla{KVIE\u0160U MILTI: \u016bdens: margar\u012bns ((augu e\u013c\u013cas(palmu,rap\u0161u),\u016bdens,emulgatori(tauksk\u0101bju mono un diglicer\u012bdi,  tauksk\u0101bju un poliglicerina esteri, lecit\u012bns), s\u0101ls,sk\u0101buma regul\u0113t\u0101js E 330, konserv\u0101nts k\u0101lija sorb\u0101ts, arom\u0101ts, kr\u0101sviela 160b(i))): cukurs; saulespu\u0137u e\u013c\u013ca rafin\u0113ta;s\u0101ls: raugs sausais((raugs Saccharomyces cerevisiae ), emulgators: E491 )):  uzlabot\u0101js(KVIE\u0160U milti, fermenti, miltu apstr\u0101des l\u012bdzeklis:E300.Var satur\u0113t LIPEKLI saturo\u0161o, OLU, SOJASpupu, SEZAMA s\u0113klu produktu da\u013ci\u0146as)}:  kan\u0113\u013ca pild\u012bjums8%{cukurs;margar\u012bns bez hidrogen\u0113tiem taukiem {augu e\u013c\u013cas (palmu, rap\u0161u), \u016bdens, emulgatori (E471-mono un glicer\u012bdi tauksk\u0101bju),s\u0101ls, sk\u0101buma regul\u0113t\u0101js -citronsk\u0101be, konservants- sorb\u0101ts k\u0101lija,aromatiz\u0113t\u0101js,p\u0101rtikas kr\u0101sviela E160a)}: PIENS t.s 3.2% apstr\u0101d\u0101ts ultra augst\u0101 temperat\u016br\u0101(UAT):  kan\u0113lis6%, KVIE\u0160U \u0160\u0136IEDRAS};\u016bdens;olu aizvietot\u0101js((KAZE\u012aNS (PIENA olbaltumvielas), sk\u0101buma regul\u0113t\u0101js (E450, E500), LAKTOZE)); Uzglab\u0101\u0161anas temperat\u016bra,+20-+25C Inform\u0101cija par uzturv\u0113rt\u012bbu: 100 g produkta satur: ener\u0123\u0113tisk\u0101 v\u0113rt\u012bba 1414 kJ \/ 338kcal; tauki 15.7g, tostarp pies\u0101tin\u0101t\u0101s tauksk\u0101bes 8g; og\u013chidr\u0101ti 42.2g, tostarp cukuri 9.3g; \u0161\u0137iedrvielas 2.3g; olbaltumvielas 5.7g; s\u0101ls 0.6g.<\/p>\n","protected":false},"excerpt":{"rendered":"<p>7.22 \u20ac\/KG<\/p>\n","protected":false},"featured_media":57233,"template":"","meta":{"_acf_changed":false,"inline_featured_image":false},"product_cat":[109,110],"product_tag":[],"acf":[],"aioseo_notices":[],"_links":{"self":[{"href":"https:\/\/rezekne.citro.lv\/ru\/wp-json\/wp\/v2\/product\/40224"}],"collection":[{"href":"https:\/\/rezekne.citro.lv\/ru\/wp-json\/wp\/v2\/product"}],"about":[{"href":"https:\/\/rezekne.citro.lv\/ru\/wp-json\/wp\/v2\/types\/product"}],"wp:featuredmedia":[{"embeddable":true,"href":"https:\/\/rezekne.citro.lv\/ru\/wp-json\/wp\/v2\/media\/57233"}],"wp:attachment":[{"href":"https:\/\/rezekne.citro.lv\/ru\/wp-json\/wp\/v2\/media?parent=40224"}],"wp:term":[{"taxonomy":"product_cat","embeddable":true,"href":"https:\/\/rezekne.citro.lv\/ru\/wp-json\/wp\/v2\/product_cat?post=40224"},{"taxonomy":"product_tag","embeddable":true,"href":"https:\/\/rezekne.citro.lv\/ru\/wp-json\/wp\/v2\/product_tag?post=40224"}],"curies":[{"name":"wp","href":"https:\/\/api.w.org\/{rel}","templated":true}]}}