{"id":40567,"date":"2026-02-26T00:49:11","date_gmt":"2026-02-25T22:49:11","guid":{"rendered":"https:\/\/rezekne.citro.psdev.lv\/veikals\/import-placeholder-for-9107\/"},"modified":"2026-05-08T06:28:36","modified_gmt":"2026-05-08T03:28:36","slug":"kok-zirni-pelekie-ar-cuku-taukiem-500g","status":"publish","type":"product","link":"https:\/\/rezekne.citro.lv\/ru\/product\/kok-zirni-pelekie-ar-cuku-taukiem-500g\/","title":{"rendered":"KOK ZIR\u0145I PEL\u0112KIE AR C\u016aKU TAUKIEM 500G"},"content":{"rendered":"<p>Izcelsmes valsts: Latvija<\/p>\n","protected":false},"excerpt":{"rendered":"<p>3.98 \u20ac\/KG<\/p>\n","protected":false},"featured_media":77571,"template":"","meta":{"_acf_changed":false,"inline_featured_image":false},"product_cat":[103,137],"product_tag":[],"acf":[],"aioseo_notices":[],"_links":{"self":[{"href":"https:\/\/rezekne.citro.lv\/ru\/wp-json\/wp\/v2\/product\/40567"}],"collection":[{"href":"https:\/\/rezekne.citro.lv\/ru\/wp-json\/wp\/v2\/product"}],"about":[{"href":"https:\/\/rezekne.citro.lv\/ru\/wp-json\/wp\/v2\/types\/product"}],"wp:featuredmedia":[{"embeddable":true,"href":"https:\/\/rezekne.citro.lv\/ru\/wp-json\/wp\/v2\/media\/77571"}],"wp:attachment":[{"href":"https:\/\/rezekne.citro.lv\/ru\/wp-json\/wp\/v2\/media?parent=40567"}],"wp:term":[{"taxonomy":"product_cat","embeddable":true,"href":"https:\/\/rezekne.citro.lv\/ru\/wp-json\/wp\/v2\/product_cat?post=40567"},{"taxonomy":"product_tag","embeddable":true,"href":"https:\/\/rezekne.citro.lv\/ru\/wp-json\/wp\/v2\/product_tag?post=40567"}],"curies":[{"name":"wp","href":"https:\/\/api.w.org\/{rel}","templated":true}]}}