{"id":40571,"date":"2026-04-23T01:02:41","date_gmt":"2026-04-22T22:02:41","guid":{"rendered":"https:\/\/rezekne.citro.psdev.lv\/veikals\/import-placeholder-for-9111\/"},"modified":"2026-05-09T06:28:34","modified_gmt":"2026-05-09T03:28:34","slug":"cukurs-demerara-brunais-nerafinetais-500g","status":"publish","type":"product","link":"https:\/\/rezekne.citro.lv\/ru\/product\/cukurs-demerara-brunais-nerafinetais-500g\/","title":{"rendered":"CUKURS DEMERARA BR\u016aNAIS NERAFIN\u0112TAIS 500G"},"content":{"rendered":"<p>Izcelsmes valsts: Maur\u012bcija<\/p>\n","protected":false},"excerpt":{"rendered":"<p>2.58 \u20ac\/KG<\/p>\n","protected":false},"featured_media":40619,"template":"","meta":{"_acf_changed":false,"inline_featured_image":false},"product_cat":[116,203],"product_tag":[],"acf":[],"aioseo_notices":[],"_links":{"self":[{"href":"https:\/\/rezekne.citro.lv\/ru\/wp-json\/wp\/v2\/product\/40571"}],"collection":[{"href":"https:\/\/rezekne.citro.lv\/ru\/wp-json\/wp\/v2\/product"}],"about":[{"href":"https:\/\/rezekne.citro.lv\/ru\/wp-json\/wp\/v2\/types\/product"}],"wp:featuredmedia":[{"embeddable":true,"href":"https:\/\/rezekne.citro.lv\/ru\/wp-json\/wp\/v2\/media\/40619"}],"wp:attachment":[{"href":"https:\/\/rezekne.citro.lv\/ru\/wp-json\/wp\/v2\/media?parent=40571"}],"wp:term":[{"taxonomy":"product_cat","embeddable":true,"href":"https:\/\/rezekne.citro.lv\/ru\/wp-json\/wp\/v2\/product_cat?post=40571"},{"taxonomy":"product_tag","embeddable":true,"href":"https:\/\/rezekne.citro.lv\/ru\/wp-json\/wp\/v2\/product_tag?post=40571"}],"curies":[{"name":"wp","href":"https:\/\/api.w.org\/{rel}","templated":true}]}}