{"id":40577,"date":"2026-03-25T00:02:31","date_gmt":"2026-03-24T22:02:31","guid":{"rendered":"https:\/\/rezekne.citro.psdev.lv\/veikals\/import-placeholder-for-9117\/"},"modified":"2026-05-08T06:29:26","modified_gmt":"2026-05-08T03:29:26","slug":"kafijas-dzeriens-cigorini-skistosie-200g-galka","status":"publish","type":"product","link":"https:\/\/rezekne.citro.lv\/ru\/product\/kafijas-dzeriens-cigorini-skistosie-200g-galka\/","title":{"rendered":"KAFIJAS DZ\u0112RIENS CIGORI\u0145I \u0160\u0136\u012aSTO\u0160IE 200G GALKA"},"content":{"rendered":"<p>Izcelsmes valsts: Ukraina<\/p>\n","protected":false},"excerpt":{"rendered":"<p>7.75 \u20ac\/KG<\/p>\n","protected":false},"featured_media":40637,"template":"","meta":{"_acf_changed":false,"inline_featured_image":false},"product_cat":[142,179,161],"product_tag":[],"acf":[],"aioseo_notices":[],"_links":{"self":[{"href":"https:\/\/rezekne.citro.lv\/ru\/wp-json\/wp\/v2\/product\/40577"}],"collection":[{"href":"https:\/\/rezekne.citro.lv\/ru\/wp-json\/wp\/v2\/product"}],"about":[{"href":"https:\/\/rezekne.citro.lv\/ru\/wp-json\/wp\/v2\/types\/product"}],"wp:featuredmedia":[{"embeddable":true,"href":"https:\/\/rezekne.citro.lv\/ru\/wp-json\/wp\/v2\/media\/40637"}],"wp:attachment":[{"href":"https:\/\/rezekne.citro.lv\/ru\/wp-json\/wp\/v2\/media?parent=40577"}],"wp:term":[{"taxonomy":"product_cat","embeddable":true,"href":"https:\/\/rezekne.citro.lv\/ru\/wp-json\/wp\/v2\/product_cat?post=40577"},{"taxonomy":"product_tag","embeddable":true,"href":"https:\/\/rezekne.citro.lv\/ru\/wp-json\/wp\/v2\/product_tag?post=40577"}],"curies":[{"name":"wp","href":"https:\/\/api.w.org\/{rel}","templated":true}]}}