{"id":40582,"date":"2026-03-26T01:03:03","date_gmt":"2026-03-25T23:03:03","guid":{"rendered":"https:\/\/rezekne.citro.psdev.lv\/veikals\/import-placeholder-for-9122\/"},"modified":"2026-04-18T06:28:51","modified_gmt":"2026-04-18T03:28:51","slug":"biezenis-rudolfs-bio-bananu-zavetu-plumju-ar-cepumiem-110g","status":"publish","type":"product","link":"https:\/\/rezekne.citro.lv\/ru\/product\/biezenis-rudolfs-bio-bananu-zavetu-plumju-ar-cepumiem-110g\/","title":{"rendered":"BIEZENIS R\u016aDOLFS BIO BAN\u0100NU, \u017d\u0100V\u0112TU PL\u016aMJU AR CEPUMIEM 110G"},"content":{"rendered":"","protected":false},"excerpt":{"rendered":"<p>13.55 \u20ac\/KG<\/p>\n","protected":false},"featured_media":40652,"template":"","meta":{"_acf_changed":false,"inline_featured_image":false},"product_cat":[172,173],"product_tag":[],"acf":[],"aioseo_notices":[],"_links":{"self":[{"href":"https:\/\/rezekne.citro.lv\/ru\/wp-json\/wp\/v2\/product\/40582"}],"collection":[{"href":"https:\/\/rezekne.citro.lv\/ru\/wp-json\/wp\/v2\/product"}],"about":[{"href":"https:\/\/rezekne.citro.lv\/ru\/wp-json\/wp\/v2\/types\/product"}],"wp:featuredmedia":[{"embeddable":true,"href":"https:\/\/rezekne.citro.lv\/ru\/wp-json\/wp\/v2\/media\/40652"}],"wp:attachment":[{"href":"https:\/\/rezekne.citro.lv\/ru\/wp-json\/wp\/v2\/media?parent=40582"}],"wp:term":[{"taxonomy":"product_cat","embeddable":true,"href":"https:\/\/rezekne.citro.lv\/ru\/wp-json\/wp\/v2\/product_cat?post=40582"},{"taxonomy":"product_tag","embeddable":true,"href":"https:\/\/rezekne.citro.lv\/ru\/wp-json\/wp\/v2\/product_tag?post=40582"}],"curies":[{"name":"wp","href":"https:\/\/api.w.org\/{rel}","templated":true}]}}