{"id":40687,"date":"2026-04-23T01:32:59","date_gmt":"2026-04-22T22:32:59","guid":{"rendered":"https:\/\/rezekne.citro.psdev.lv\/veikals\/import-placeholder-for-9137\/"},"modified":"2026-05-05T06:12:51","modified_gmt":"2026-05-05T03:12:51","slug":"bariba-suniem-sausa-pedigree-bisrok-cepumi-ar-vitaminiem-200g","status":"publish","type":"product","link":"https:\/\/rezekne.citro.lv\/ru\/product\/bariba-suniem-sausa-pedigree-bisrok-cepumi-ar-vitaminiem-200g\/","title":{"rendered":"BAR\u012aBA SU\u0145IEM SAUS\u0100 PEDIGREE BISROK CEPUMI AR VITAM\u012aNIEM 200G"},"content":{"rendered":"<p>Izcelsmes valsts: Ung\u0101rija<\/p>\n","protected":false},"excerpt":{"rendered":"<p>6.45 \u20ac\/KG<\/p>\n","protected":false},"featured_media":40727,"template":"","meta":{"_acf_changed":false,"inline_featured_image":false},"product_cat":[153,171,154],"product_tag":[],"acf":[],"aioseo_notices":[],"_links":{"self":[{"href":"https:\/\/rezekne.citro.lv\/ru\/wp-json\/wp\/v2\/product\/40687"}],"collection":[{"href":"https:\/\/rezekne.citro.lv\/ru\/wp-json\/wp\/v2\/product"}],"about":[{"href":"https:\/\/rezekne.citro.lv\/ru\/wp-json\/wp\/v2\/types\/product"}],"wp:featuredmedia":[{"embeddable":true,"href":"https:\/\/rezekne.citro.lv\/ru\/wp-json\/wp\/v2\/media\/40727"}],"wp:attachment":[{"href":"https:\/\/rezekne.citro.lv\/ru\/wp-json\/wp\/v2\/media?parent=40687"}],"wp:term":[{"taxonomy":"product_cat","embeddable":true,"href":"https:\/\/rezekne.citro.lv\/ru\/wp-json\/wp\/v2\/product_cat?post=40687"},{"taxonomy":"product_tag","embeddable":true,"href":"https:\/\/rezekne.citro.lv\/ru\/wp-json\/wp\/v2\/product_tag?post=40687"}],"curies":[{"name":"wp","href":"https:\/\/api.w.org\/{rel}","templated":true}]}}