{"id":40694,"date":"2026-05-07T00:15:28","date_gmt":"2026-05-06T21:15:28","guid":{"rendered":"https:\/\/rezekne.citro.psdev.lv\/veikals\/import-placeholder-for-9144\/"},"modified":"2026-05-14T06:26:28","modified_gmt":"2026-05-14T03:26:28","slug":"vafeles-selgas-ar-sokolades-garsu-180g","status":"publish","type":"product","link":"https:\/\/rezekne.citro.lv\/ru\/product\/vafeles-selgas-ar-sokolades-garsu-180g\/","title":{"rendered":"VAFELES SELGAS AR \u0160OKOL\u0100DES GAR\u0160U 180G"},"content":{"rendered":"<p>Izcelsmes valsts: Latvija<\/p>\n","protected":false},"excerpt":{"rendered":"<p>7.17 \u20ac\/KG<\/p>\n","protected":false},"featured_media":40748,"template":"","meta":{"_acf_changed":false,"inline_featured_image":false},"product_cat":[125,139,209],"product_tag":[],"acf":[],"aioseo_notices":[],"_links":{"self":[{"href":"https:\/\/rezekne.citro.lv\/ru\/wp-json\/wp\/v2\/product\/40694"}],"collection":[{"href":"https:\/\/rezekne.citro.lv\/ru\/wp-json\/wp\/v2\/product"}],"about":[{"href":"https:\/\/rezekne.citro.lv\/ru\/wp-json\/wp\/v2\/types\/product"}],"wp:featuredmedia":[{"embeddable":true,"href":"https:\/\/rezekne.citro.lv\/ru\/wp-json\/wp\/v2\/media\/40748"}],"wp:attachment":[{"href":"https:\/\/rezekne.citro.lv\/ru\/wp-json\/wp\/v2\/media?parent=40694"}],"wp:term":[{"taxonomy":"product_cat","embeddable":true,"href":"https:\/\/rezekne.citro.lv\/ru\/wp-json\/wp\/v2\/product_cat?post=40694"},{"taxonomy":"product_tag","embeddable":true,"href":"https:\/\/rezekne.citro.lv\/ru\/wp-json\/wp\/v2\/product_tag?post=40694"}],"curies":[{"name":"wp","href":"https:\/\/api.w.org\/{rel}","templated":true}]}}