{"id":40700,"date":"2025-11-20T14:14:11","date_gmt":"2025-11-20T12:14:11","guid":{"rendered":"https:\/\/rezekne.citro.psdev.lv\/veikals\/import-placeholder-for-9150\/"},"modified":"2025-11-20T14:14:13","modified_gmt":"2025-11-20T12:14:13","slug":"sausas-brokastis-spilventini-ar-kakao-masas-pildijumu-300g","status":"publish","type":"product","link":"https:\/\/rezekne.citro.lv\/ru\/product\/sausas-brokastis-spilventini-ar-kakao-masas-pildijumu-300g\/","title":{"rendered":"SAUS\u0100S BROKASTIS SPILVENTI\u0145I AR KAKAO MASAS PILD\u012aJUMU 300G"},"content":{"rendered":"<p>Izcelsmes valsts: Latvija<\/p>\n","protected":false},"excerpt":{"rendered":"<p>7.30 \u20ac\/KG<\/p>\n","protected":false},"featured_media":40766,"template":"","meta":{"_acf_changed":false,"inline_featured_image":false},"product_cat":[125,126],"product_tag":[],"acf":[],"aioseo_notices":[],"_links":{"self":[{"href":"https:\/\/rezekne.citro.lv\/ru\/wp-json\/wp\/v2\/product\/40700"}],"collection":[{"href":"https:\/\/rezekne.citro.lv\/ru\/wp-json\/wp\/v2\/product"}],"about":[{"href":"https:\/\/rezekne.citro.lv\/ru\/wp-json\/wp\/v2\/types\/product"}],"wp:featuredmedia":[{"embeddable":true,"href":"https:\/\/rezekne.citro.lv\/ru\/wp-json\/wp\/v2\/media\/40766"}],"wp:attachment":[{"href":"https:\/\/rezekne.citro.lv\/ru\/wp-json\/wp\/v2\/media?parent=40700"}],"wp:term":[{"taxonomy":"product_cat","embeddable":true,"href":"https:\/\/rezekne.citro.lv\/ru\/wp-json\/wp\/v2\/product_cat?post=40700"},{"taxonomy":"product_tag","embeddable":true,"href":"https:\/\/rezekne.citro.lv\/ru\/wp-json\/wp\/v2\/product_tag?post=40700"}],"curies":[{"name":"wp","href":"https:\/\/api.w.org\/{rel}","templated":true}]}}