{"id":40805,"date":"2026-04-23T01:19:31","date_gmt":"2026-04-22T22:19:31","guid":{"rendered":"https:\/\/rezekne.citro.psdev.lv\/veikals\/import-placeholder-for-9165\/"},"modified":"2026-04-23T06:14:06","modified_gmt":"2026-04-23T03:14:06","slug":"tual-tir-lidz-ace-wc-ultra-universals-lemon-750ml","status":"publish","type":"product","link":"https:\/\/rezekne.citro.lv\/ru\/product\/tual-tir-lidz-ace-wc-ultra-universals-lemon-750ml\/","title":{"rendered":"TUAL.T\u012aR.L\u012aDZ. ACE WC ULTRA UNIVERS\u0100LS LEMON 750ML"},"content":{"rendered":"","protected":false},"excerpt":{"rendered":"<p>3.99 \u20ac\/L<\/p>\n","protected":false},"featured_media":55475,"template":"","meta":{"_acf_changed":false,"inline_featured_image":false},"product_cat":[131,169],"product_tag":[],"acf":[],"aioseo_notices":[],"_links":{"self":[{"href":"https:\/\/rezekne.citro.lv\/ru\/wp-json\/wp\/v2\/product\/40805"}],"collection":[{"href":"https:\/\/rezekne.citro.lv\/ru\/wp-json\/wp\/v2\/product"}],"about":[{"href":"https:\/\/rezekne.citro.lv\/ru\/wp-json\/wp\/v2\/types\/product"}],"wp:featuredmedia":[{"embeddable":true,"href":"https:\/\/rezekne.citro.lv\/ru\/wp-json\/wp\/v2\/media\/55475"}],"wp:attachment":[{"href":"https:\/\/rezekne.citro.lv\/ru\/wp-json\/wp\/v2\/media?parent=40805"}],"wp:term":[{"taxonomy":"product_cat","embeddable":true,"href":"https:\/\/rezekne.citro.lv\/ru\/wp-json\/wp\/v2\/product_cat?post=40805"},{"taxonomy":"product_tag","embeddable":true,"href":"https:\/\/rezekne.citro.lv\/ru\/wp-json\/wp\/v2\/product_tag?post=40805"}],"curies":[{"name":"wp","href":"https:\/\/api.w.org\/{rel}","templated":true}]}}