{"id":40819,"date":"2025-09-18T00:03:52","date_gmt":"2025-09-17T21:03:52","guid":{"rendered":"https:\/\/rezekne.citro.psdev.lv\/veikals\/import-placeholder-for-9257\/"},"modified":"2025-09-18T00:03:55","modified_gmt":"2025-09-17T21:03:55","slug":"pomelo-baltais-gab","status":"publish","type":"product","link":"https:\/\/rezekne.citro.lv\/ru\/product\/pomelo-baltais-gab\/","title":{"rendered":"POMELO BALTAIS GAB."},"content":{"rendered":"<p>\u0136\u012aNA 2.\u0160\u0136.<\/p>\n","protected":false},"excerpt":{"rendered":"<p>\u0136\u012aNA 2.\u0160\u0136.<\/p>\n","protected":false},"featured_media":61306,"template":"","meta":{"_acf_changed":false,"inline_featured_image":false},"product_cat":[97,98],"product_tag":[],"acf":[],"aioseo_notices":[],"_links":{"self":[{"href":"https:\/\/rezekne.citro.lv\/ru\/wp-json\/wp\/v2\/product\/40819"}],"collection":[{"href":"https:\/\/rezekne.citro.lv\/ru\/wp-json\/wp\/v2\/product"}],"about":[{"href":"https:\/\/rezekne.citro.lv\/ru\/wp-json\/wp\/v2\/types\/product"}],"wp:featuredmedia":[{"embeddable":true,"href":"https:\/\/rezekne.citro.lv\/ru\/wp-json\/wp\/v2\/media\/61306"}],"wp:attachment":[{"href":"https:\/\/rezekne.citro.lv\/ru\/wp-json\/wp\/v2\/media?parent=40819"}],"wp:term":[{"taxonomy":"product_cat","embeddable":true,"href":"https:\/\/rezekne.citro.lv\/ru\/wp-json\/wp\/v2\/product_cat?post=40819"},{"taxonomy":"product_tag","embeddable":true,"href":"https:\/\/rezekne.citro.lv\/ru\/wp-json\/wp\/v2\/product_tag?post=40819"}],"curies":[{"name":"wp","href":"https:\/\/api.w.org\/{rel}","templated":true}]}}