{"id":40821,"date":"2026-02-05T00:02:56","date_gmt":"2026-02-04T22:02:56","guid":{"rendered":"https:\/\/rezekne.citro.psdev.lv\/veikals\/import-placeholder-for-9830\/"},"modified":"2026-05-04T06:27:12","modified_gmt":"2026-05-04T03:27:12","slug":"bon-chance-sausmaizites-ar-siera-un-kiploku-garsu-120g","status":"publish","type":"product","link":"https:\/\/rezekne.citro.lv\/ru\/product\/bon-chance-sausmaizites-ar-siera-un-kiploku-garsu-120g\/","title":{"rendered":"BON CHANCE SAUSMAIZ\u012aTES AR SIERA UN \u0136IPLOKU GAR\u0160U 120G"},"content":{"rendered":"<p>Izcelsmes valsts: Lietuva<\/p>\n","protected":false},"excerpt":{"rendered":"<p>18.25 \u20ac\/KG<\/p>\n","protected":false},"featured_media":40886,"template":"","meta":{"_acf_changed":false,"inline_featured_image":false},"product_cat":[215,563],"product_tag":[],"acf":[],"aioseo_notices":[],"_links":{"self":[{"href":"https:\/\/rezekne.citro.lv\/ru\/wp-json\/wp\/v2\/product\/40821"}],"collection":[{"href":"https:\/\/rezekne.citro.lv\/ru\/wp-json\/wp\/v2\/product"}],"about":[{"href":"https:\/\/rezekne.citro.lv\/ru\/wp-json\/wp\/v2\/types\/product"}],"wp:featuredmedia":[{"embeddable":true,"href":"https:\/\/rezekne.citro.lv\/ru\/wp-json\/wp\/v2\/media\/40886"}],"wp:attachment":[{"href":"https:\/\/rezekne.citro.lv\/ru\/wp-json\/wp\/v2\/media?parent=40821"}],"wp:term":[{"taxonomy":"product_cat","embeddable":true,"href":"https:\/\/rezekne.citro.lv\/ru\/wp-json\/wp\/v2\/product_cat?post=40821"},{"taxonomy":"product_tag","embeddable":true,"href":"https:\/\/rezekne.citro.lv\/ru\/wp-json\/wp\/v2\/product_tag?post=40821"}],"curies":[{"name":"wp","href":"https:\/\/api.w.org\/{rel}","templated":true}]}}