{"id":40822,"date":"2026-02-05T00:02:56","date_gmt":"2026-02-04T22:02:56","guid":{"rendered":"https:\/\/rezekne.citro.psdev.lv\/veikals\/import-placeholder-for-9831\/"},"modified":"2026-05-13T06:27:20","modified_gmt":"2026-05-13T03:27:20","slug":"maizes-cipsi-ar-krejuma-garsu-un-lokiem-bon-chance-120g","status":"publish","type":"product","link":"https:\/\/rezekne.citro.lv\/ru\/product\/maizes-cipsi-ar-krejuma-garsu-un-lokiem-bon-chance-120g\/","title":{"rendered":"MAIZES \u010cIPSI AR KR\u0112JUMA GAR\u0160U UN LOKIEM BON CHANCE 120G"},"content":{"rendered":"<p>Izcelsmes valsts: Lietuva<\/p>\n","protected":false},"excerpt":{"rendered":"<p>18.25 \u20ac\/KG<\/p>\n","protected":false},"featured_media":40889,"template":"","meta":{"_acf_changed":false,"inline_featured_image":false},"product_cat":[215,563],"product_tag":[],"acf":[],"aioseo_notices":[],"_links":{"self":[{"href":"https:\/\/rezekne.citro.lv\/ru\/wp-json\/wp\/v2\/product\/40822"}],"collection":[{"href":"https:\/\/rezekne.citro.lv\/ru\/wp-json\/wp\/v2\/product"}],"about":[{"href":"https:\/\/rezekne.citro.lv\/ru\/wp-json\/wp\/v2\/types\/product"}],"wp:featuredmedia":[{"embeddable":true,"href":"https:\/\/rezekne.citro.lv\/ru\/wp-json\/wp\/v2\/media\/40889"}],"wp:attachment":[{"href":"https:\/\/rezekne.citro.lv\/ru\/wp-json\/wp\/v2\/media?parent=40822"}],"wp:term":[{"taxonomy":"product_cat","embeddable":true,"href":"https:\/\/rezekne.citro.lv\/ru\/wp-json\/wp\/v2\/product_cat?post=40822"},{"taxonomy":"product_tag","embeddable":true,"href":"https:\/\/rezekne.citro.lv\/ru\/wp-json\/wp\/v2\/product_tag?post=40822"}],"curies":[{"name":"wp","href":"https:\/\/api.w.org\/{rel}","templated":true}]}}