{"id":41059,"date":"2026-03-26T00:48:43","date_gmt":"2026-03-25T22:48:43","guid":{"rendered":"https:\/\/rezekne.citro.psdev.lv\/veikals\/import-placeholder-for-9974\/"},"modified":"2026-03-26T00:48:48","modified_gmt":"2026-03-25T22:48:48","slug":"krems-rokam-smiltserkskis-barojoss-80g","status":"publish","type":"product","link":"https:\/\/rezekne.citro.lv\/ru\/product\/krems-rokam-smiltserkskis-barojoss-80g\/","title":{"rendered":"KR\u0112MS ROK\u0100M SMILTS\u0112RK\u0160\u0136IS BAROJO\u0160S 80G"},"content":{"rendered":"","protected":false},"excerpt":{"rendered":"<p>21.13 \u20ac\/L<\/p>\n","protected":false},"featured_media":41129,"template":"","meta":{"_acf_changed":false,"inline_featured_image":false},"product_cat":[127,129],"product_tag":[],"acf":[],"aioseo_notices":[],"_links":{"self":[{"href":"https:\/\/rezekne.citro.lv\/ru\/wp-json\/wp\/v2\/product\/41059"}],"collection":[{"href":"https:\/\/rezekne.citro.lv\/ru\/wp-json\/wp\/v2\/product"}],"about":[{"href":"https:\/\/rezekne.citro.lv\/ru\/wp-json\/wp\/v2\/types\/product"}],"wp:featuredmedia":[{"embeddable":true,"href":"https:\/\/rezekne.citro.lv\/ru\/wp-json\/wp\/v2\/media\/41129"}],"wp:attachment":[{"href":"https:\/\/rezekne.citro.lv\/ru\/wp-json\/wp\/v2\/media?parent=41059"}],"wp:term":[{"taxonomy":"product_cat","embeddable":true,"href":"https:\/\/rezekne.citro.lv\/ru\/wp-json\/wp\/v2\/product_cat?post=41059"},{"taxonomy":"product_tag","embeddable":true,"href":"https:\/\/rezekne.citro.lv\/ru\/wp-json\/wp\/v2\/product_tag?post=41059"}],"curies":[{"name":"wp","href":"https:\/\/api.w.org\/{rel}","templated":true}]}}